{"id":2,"date":"2026-02-22T11:11:34","date_gmt":"2026-02-22T08:11:34","guid":{"rendered":"https:\/\/door.royaldekorasyon.com.tr\/?page_id=2"},"modified":"2026-02-22T21:49:11","modified_gmt":"2026-02-22T18:49:11","slug":"teknik-sartnameler","status":"publish","type":"page","link":"https:\/\/erkadoors.com\/en\/teknik-sartnameler\/","title":{"rendered":"Teknik \u015eartnameler"},"content":{"rendered":"<div data-elementor-type=\"wp-page\" data-elementor-id=\"2\" class=\"elementor elementor-2\">\n\t\t\t\t<div class=\"elementor-element elementor-element-1dce0464 e-flex e-con-boxed e-con e-parent\" data-id=\"1dce0464\" data-element_type=\"container\" data-e-type=\"container\">\n\t\t\t\t\t<div class=\"e-con-inner\">\n\t\t\t\t<div class=\"elementor-element elementor-element-296fc24e elementor-widget elementor-widget-text-editor\" data-id=\"296fc24e\" data-element_type=\"widget\" data-e-type=\"widget\" data-widget_type=\"text-editor.default\">\n\t\t\t\t\t\t\t\t\t<h3>Say\u0131n T\u00fcketici,<\/h3>\t\t\t\t\t\t\t\t<\/div>\n\t\t\t\t<div class=\"elementor-element elementor-element-edf6791 elementor-widget elementor-widget-text-editor\" data-id=\"edf6791\" data-element_type=\"widget\" data-e-type=\"widget\" data-widget_type=\"text-editor.default\">\n\t\t\t\t\t\t\t\t\t<p><strong>Kap\u0131 sistemleri se\u00e7imi yap\u0131l\u0131rken \u00e7o\u011fu zaman g\u00f6zden ka\u00e7abilen \u00f6nemli teknik detaylar bulunmaktad\u0131r. Erka Doors olarak amac\u0131m\u0131z; ihtiyac\u0131n\u0131za tam uygun, uzun \u00f6m\u00fcrl\u00fc ve maliyet a\u00e7\u0131s\u0131ndan verimli \u00e7\u00f6z\u00fcmler sunmakt\u0131r. Bu do\u011frultuda beklentilerinizi do\u011fru analiz edebilmemiz i\u00e7in a\u015fa\u011f\u0131daki sorular\u0131n de\u011ferlendirilmesi \u00f6nem arz etmektedir.<\/strong><\/p>\t\t\t\t\t\t\t\t<\/div>\n\t\t\t\t\t<\/div>\n\t\t\t\t<\/div>\n\t\t<div class=\"elementor-element elementor-element-f5d2b97 e-flex e-con-boxed e-con e-parent\" data-id=\"f5d2b97\" data-element_type=\"container\" data-e-type=\"container\">\n\t\t\t\t\t<div class=\"e-con-inner\">\n\t\t\t\t<div class=\"elementor-element elementor-element-d3f4fde elementor-widget elementor-widget-text-editor\" data-id=\"d3f4fde\" data-element_type=\"widget\" data-e-type=\"widget\" data-widget_type=\"text-editor.default\">\n\t\t\t\t\t\t\t\t\t<h3>\u0130htiya\u00e7 Analizi Sorular\u0131<\/h3>\t\t\t\t\t\t\t\t<\/div>\n\t\t\t\t\t<\/div>\n\t\t\t\t<\/div>\n\t\t<div class=\"elementor-element elementor-element-d88845b e-flex e-con-boxed e-con e-parent\" data-id=\"d88845b\" data-element_type=\"container\" data-e-type=\"container\">\n\t\t\t\t\t<div class=\"e-con-inner\">\n\t\t\t\t<div class=\"elementor-element elementor-element-dc11d41 elementor-widget elementor-widget-text-editor\" data-id=\"dc11d41\" data-element_type=\"widget\" data-e-type=\"widget\" data-widget_type=\"text-editor.default\">\n\t\t\t\t\t\t\t\t\t<ol data-start=\"571\" data-end=\"1404\">\n<li data-start=\"571\" data-end=\"619\">\n<p data-start=\"574\" data-end=\"619\"><strong>Otomatik veya manuel kap\u0131 tercihiniz nedir?<\/strong><\/p>\n<\/li>\n<li data-start=\"620\" data-end=\"691\">\n<p data-start=\"623\" data-end=\"691\"><strong>G\u00fcvenlik ve kilitlenme \u00f6zellikleri sizin i\u00e7in ne derece \u00f6nemlidir?<\/strong><\/p>\n<\/li>\n<li data-start=\"692\" data-end=\"765\">\n<p data-start=\"695\" data-end=\"765\"><strong>A\u00e7\u0131lma \u2013 kapanma h\u0131z\u0131 beklentiniz nedir? (\u00f6rn. 20 cm\/sn \u2013 100 cm\/sn)<\/strong><\/p>\n<\/li>\n<li data-start=\"766\" data-end=\"813\">\n<p data-start=\"769\" data-end=\"813\"><strong>G\u00fcn \u0131\u015f\u0131\u011f\u0131ndan yararlanma talebiniz var m\u0131?<\/strong><\/p>\n<\/li>\n<li data-start=\"814\" data-end=\"908\">\n<p data-start=\"817\" data-end=\"908\"><strong>Malzeme tercihiniz nedir? (\u00c7elik, al\u00fcminyum, PVC, polikarbonat, sandvi\u00e7 panel, ah\u015fap vb.)<\/strong><\/p>\n<\/li>\n<li data-start=\"909\" data-end=\"954\">\n<p data-start=\"912\" data-end=\"954\"><strong>Is\u0131, su ve ses izolasyonu gerekli midir?<\/strong><\/p>\n<\/li>\n<li data-start=\"955\" data-end=\"1021\">\n<p data-start=\"958\" data-end=\"1021\"><strong>Montaj yap\u0131lacak alan\u0131n plan ve kesit bilgileri mevcut mudur?<\/strong><\/p>\n<\/li>\n<li data-start=\"1022\" data-end=\"1110\">\n<p data-start=\"1025\" data-end=\"1110\"><strong>Kumanda tercihiniz nedir? (Uzaktan kumanda, buton, kartl\u0131, \u015fifreli, dedekt\u00f6rl\u00fc vb.)<\/strong><\/p>\n<\/li>\n<li data-start=\"1111\" data-end=\"1162\">\n<p data-start=\"1114\" data-end=\"1162\"><strong>Kap\u0131 g\u00f6r\u00fc\u015f engeli g\u00fcvenlik riski olu\u015fturur mu?<\/strong><\/p>\n<\/li>\n<li data-start=\"1163\" data-end=\"1235\">\n<p data-start=\"1167\" data-end=\"1235\"><strong>Atmosfer ko\u015fullar\u0131na ve renk solmas\u0131na kar\u015f\u0131 koruma ister misiniz?<\/strong><\/p>\n<\/li>\n<li data-start=\"1236\" data-end=\"1290\">\n<p data-start=\"1240\" data-end=\"1290\"><strong>Kap\u0131n\u0131n g\u00fcnl\u00fck tahmini kullan\u0131m yo\u011funlu\u011fu nedir?<\/strong><\/p>\n<\/li>\n<li data-start=\"1291\" data-end=\"1340\">\n<p data-start=\"1295\" data-end=\"1340\"><strong>Montaj i\u00e7in hedeflenen teslim s\u00fcresi nedir?<\/strong><\/p>\n<\/li>\n<li data-start=\"1341\" data-end=\"1404\">\n<p data-start=\"1345\" data-end=\"1404\"><strong>Beklenen kullan\u0131m \u00f6mr\u00fc ve yedek par\u00e7a garanti s\u00fcresi nedir?<\/strong><\/p>\n<\/li>\n<\/ol>\t\t\t\t\t\t\t\t<\/div>\n\t\t\t\t\t<\/div>\n\t\t\t\t<\/div>\n\t\t<div class=\"elementor-element elementor-element-8adb5eb e-flex e-con-boxed e-con e-parent\" data-id=\"8adb5eb\" data-element_type=\"container\" data-e-type=\"container\">\n\t\t\t\t\t<div class=\"e-con-inner\">\n\t\t\t\t<div class=\"elementor-element elementor-element-2ed0667 elementor-widget elementor-widget-text-editor\" data-id=\"2ed0667\" data-element_type=\"widget\" data-e-type=\"widget\" data-widget_type=\"text-editor.default\">\n\t\t\t\t\t\t\t\t\t<h3>RAYLI VE KAYAR DEM\u0130R KAPI S\u0130STEMLER\u0130<\/h3>\t\t\t\t\t\t\t\t<\/div>\n\t\t\t\t\t<\/div>\n\t\t\t\t<\/div>\n\t\t<div class=\"elementor-element elementor-element-e68f2aa e-flex e-con-boxed e-con e-parent\" data-id=\"e68f2aa\" data-element_type=\"container\" data-e-type=\"container\">\n\t\t\t\t\t<div class=\"e-con-inner\">\n\t\t\t\t<div class=\"elementor-element elementor-element-081cc84 elementor-widget elementor-widget-text-editor\" data-id=\"081cc84\" data-element_type=\"widget\" data-e-type=\"widget\" data-widget_type=\"text-editor.default\">\n\t\t\t\t\t\t\t\t\t<p data-start=\"1453\" data-end=\"1474\"><strong>\u00a0 \u00a0 \u00a0 \u00a0 Teknik \u00d6zellikler<\/strong><\/p>\n<ul>\n<li style=\"list-style-type: none;\">\n<ul data-start=\"1476\" data-end=\"1909\">\n<li data-start=\"1476\" data-end=\"1529\">\n<p data-start=\"1478\" data-end=\"1529\"><strong>Elektrik kumandal\u0131 kayar rayl\u0131 demir kap\u0131 imalat\u0131<\/strong><\/p>\n<\/li>\n<li data-start=\"1530\" data-end=\"1575\">\n<p data-start=\"1532\" data-end=\"1575\"><strong>CE ve ISO 9001 standartlar\u0131na uygun motor<\/strong><\/p>\n<\/li>\n<li data-start=\"1576\" data-end=\"1606\">\n<p data-start=\"1578\" data-end=\"1606\"><strong>Minimum IP24 koruma s\u0131n\u0131f\u0131<\/strong><\/p>\n<\/li>\n<li data-start=\"1607\" data-end=\"1641\">\n<p data-start=\"1609\" data-end=\"1641\"><strong>220V \u00b1%10 \/ 50\u201360 Hz uyumluluk<\/strong><\/p>\n<\/li>\n<li data-start=\"1642\" data-end=\"1685\">\n<p data-start=\"1644\" data-end=\"1685\"><strong>Maksimum 1500 kg kap\u0131 ta\u015f\u0131ma kapasitesi<\/strong><\/p>\n<\/li>\n<li data-start=\"1686\" data-end=\"1737\">\n<p data-start=\"1688\" data-end=\"1737\"><strong>Ayarlanabilir otomatik kapanma s\u00fcresi (0\u201390 sn)<\/strong><\/p>\n<\/li>\n<li data-start=\"1738\" data-end=\"1785\">\n<p data-start=\"1740\" data-end=\"1785\"><strong>Yo\u011fun kullan\u0131ma uygun elektromekanik sistem<\/strong><\/p>\n<\/li>\n<li data-start=\"1786\" data-end=\"1834\">\n<p data-start=\"1788\" data-end=\"1834\"><strong>Elektrik kesintisinde manuel kullan\u0131m imk\u00e2n\u0131<\/strong><\/p>\n<\/li>\n<li data-start=\"1835\" data-end=\"1879\">\n<p data-start=\"1837\" data-end=\"1879\"><strong>S\u0131k\u0131\u015fma emniyeti ve fla\u015f\u00f6r uyar\u0131 sistemi<\/strong><\/p>\n<\/li>\n<li data-start=\"1880\" data-end=\"1909\">\n<p data-start=\"1882\" data-end=\"1909\"><strong>Uzaktan kumanda ile kontrol<\/strong><\/p>\n<\/li>\n<\/ul>\n<\/li>\n<\/ul>\t\t\t\t\t\t\t\t<\/div>\n\t\t\t\t\t<\/div>\n\t\t\t\t<\/div>\n\t\t<div class=\"elementor-element elementor-element-4187d30 e-flex e-con-boxed e-con e-parent\" data-id=\"4187d30\" data-element_type=\"container\" data-e-type=\"container\">\n\t\t\t\t\t<div class=\"e-con-inner\">\n\t\t\t\t<div class=\"elementor-element elementor-element-54ecd96 elementor-widget elementor-widget-text-editor\" data-id=\"54ecd96\" data-element_type=\"widget\" data-e-type=\"widget\" data-widget_type=\"text-editor.default\">\n\t\t\t\t\t\t\t\t\t<h3>OTOMAT\u0130K KAYAR KAPI S\u0130STEMLER\u0130<\/h3>\t\t\t\t\t\t\t\t<\/div>\n\t\t\t\t\t<\/div>\n\t\t\t\t<\/div>\n\t\t<div class=\"elementor-element elementor-element-77e3c10 e-flex e-con-boxed e-con e-parent\" data-id=\"77e3c10\" data-element_type=\"container\" data-e-type=\"container\">\n\t\t\t\t\t<div class=\"e-con-inner\">\n\t\t\t\t<div class=\"elementor-element elementor-element-7cd5a0a elementor-widget elementor-widget-text-editor\" data-id=\"7cd5a0a\" data-element_type=\"widget\" data-e-type=\"widget\" data-widget_type=\"text-editor.default\">\n\t\t\t\t\t\t\t\t\t<p data-start=\"1952\" data-end=\"1978\"><strong>Genel Teknik Kriterler<\/strong><\/p>\n<p data-start=\"1980\" data-end=\"2015\"><strong>Erka Doors otomatik kayar kap\u0131lar\u0131;<\/strong><\/p>\n<ul data-start=\"2017\" data-end=\"2360\">\n<li data-start=\"2017\" data-end=\"2044\">\n<p data-start=\"2019\" data-end=\"2044\"><strong>Mikroproses\u00f6r kontroll\u00fc<\/strong><\/p>\n<\/li>\n<li data-start=\"2045\" data-end=\"2078\">\n<p data-start=\"2047\" data-end=\"2078\"><strong>Sessiz ve sars\u0131nt\u0131s\u0131z \u00e7al\u0131\u015fma<\/strong><\/p>\n<\/li>\n<li data-start=\"2079\" data-end=\"2113\">\n<p data-start=\"2081\" data-end=\"2113\"><strong>Y\u00fcksek sirk\u00fclasyona uygun yap\u0131<\/strong><\/p>\n<\/li>\n<li data-start=\"2114\" data-end=\"2157\">\n<p data-start=\"2116\" data-end=\"2157\"><strong>Minimum 1.000.000 a\u00e7ma-kapama test \u00f6mr\u00fc<\/strong><\/p>\n<\/li>\n<li data-start=\"2158\" data-end=\"2200\">\n<p data-start=\"2160\" data-end=\"2200\"><strong>Ayarlanabilir h\u0131z ve a\u00e7\u0131k kalma s\u00fcresi<\/strong><\/p>\n<\/li>\n<li data-start=\"2201\" data-end=\"2235\">\n<p data-start=\"2203\" data-end=\"2235\"><strong>Radar kontroll\u00fc temass\u0131z ge\u00e7i\u015f<\/strong><\/p>\n<\/li>\n<li data-start=\"2236\" data-end=\"2277\">\n<p data-start=\"2238\" data-end=\"2277\"><strong>Elektrik kesintisinde manuel kullan\u0131m<\/strong><\/p>\n<\/li>\n<li data-start=\"2278\" data-end=\"2316\">\n<p data-start=\"2280\" data-end=\"2316\"><strong>Elektromekanik g\u00fcvenlik sistemleri<\/strong><\/p>\n<\/li>\n<li data-start=\"2317\" data-end=\"2360\">\n<p data-start=\"2319\" data-end=\"2360\"><strong>Avrupa g\u00fcvenlik standartlar\u0131na tam uyum<\/strong><\/p>\n<\/li>\n<\/ul>\n<p data-start=\"2362\" data-end=\"2407\"><strong>\u00f6zellikleri ile projelendirilir ve uygulan\u0131r.<\/strong><\/p>\t\t\t\t\t\t\t\t<\/div>\n\t\t\t\t\t<\/div>\n\t\t\t\t<\/div>\n\t\t<div class=\"elementor-element elementor-element-88fa1b3 e-flex e-con-boxed e-con e-parent\" data-id=\"88fa1b3\" data-element_type=\"container\" data-e-type=\"container\">\n\t\t\t\t\t<div class=\"e-con-inner\">\n\t\t\t\t<div class=\"elementor-element elementor-element-8edb6d5 elementor-widget elementor-widget-text-editor\" data-id=\"8edb6d5\" data-element_type=\"widget\" data-e-type=\"widget\" data-widget_type=\"text-editor.default\">\n\t\t\t\t\t\t\t\t\t<h3>KOLLU BAR\u0130YER S\u0130STEMLER\u0130<\/h3>\t\t\t\t\t\t\t\t<\/div>\n\t\t\t\t\t<\/div>\n\t\t\t\t<\/div>\n\t\t<div class=\"elementor-element elementor-element-81bd234 e-flex e-con-boxed e-con e-parent\" data-id=\"81bd234\" data-element_type=\"container\" data-e-type=\"container\">\n\t\t\t\t\t<div class=\"e-con-inner\">\n\t\t\t\t<div class=\"elementor-element elementor-element-812dbae elementor-widget elementor-widget-text-editor\" data-id=\"812dbae\" data-element_type=\"widget\" data-e-type=\"widget\" data-widget_type=\"text-editor.default\">\n\t\t\t\t\t\t\t\t\t<p data-start=\"2443\" data-end=\"2499\"><strong>Farkl\u0131 saha ihtiya\u00e7lar\u0131na uygun Movi ve Giotto serileri:<\/strong><\/p>\n<ul data-start=\"2501\" data-end=\"2717\">\n<li data-start=\"2501\" data-end=\"2536\">\n<p data-start=\"2503\" data-end=\"2536\"><strong>3,30 m \u2013 6,30 m kol se\u00e7enekleri<\/strong><\/p>\n<\/li>\n<li data-start=\"2537\" data-end=\"2570\">\n<p data-start=\"2539\" data-end=\"2570\"><strong>AC ve DC motor alternatifleri<\/strong><\/p>\n<\/li>\n<li data-start=\"2571\" data-end=\"2600\">\n<p data-start=\"2573\" data-end=\"2600\"><strong>24V ak\u00fc destekli modeller<\/strong><\/p>\n<\/li>\n<li data-start=\"2601\" data-end=\"2640\">\n<p data-start=\"2603\" data-end=\"2640\"><strong>Yo\u011fun trafik kullan\u0131m\u0131na uygun yap\u0131<\/strong><\/p>\n<\/li>\n<li data-start=\"2641\" data-end=\"2680\">\n<p data-start=\"2643\" data-end=\"2680\"><strong>\u015eehir \u015febekesi ile do\u011fraudan \u00e7al\u0131\u015fma<\/strong><\/p>\n<\/li>\n<li data-start=\"2681\" data-end=\"2717\">\n<p data-start=\"2683\" data-end=\"2717\"><strong>Y\u00fcksek dayan\u0131m ve uzun servis \u00f6mr\u00fc<\/strong><\/p>\n<\/li>\n<\/ul>\t\t\t\t\t\t\t\t<\/div>\n\t\t\t\t\t<\/div>\n\t\t\t\t<\/div>\n\t\t<div class=\"elementor-element elementor-element-43359d6 e-flex e-con-boxed e-con e-parent\" data-id=\"43359d6\" data-element_type=\"container\" data-e-type=\"container\">\n\t\t\t\t\t<div class=\"e-con-inner\">\n\t\t\t\t<div class=\"elementor-element elementor-element-5078fb0 elementor-widget elementor-widget-text-editor\" data-id=\"5078fb0\" data-element_type=\"widget\" data-e-type=\"widget\" data-widget_type=\"text-editor.default\">\n\t\t\t\t\t\t\t\t\t<h2 data-start=\"2724\" data-end=\"2761\">RAYLI VE YANA KAYAR KAPI MOTORLARI<\/h2>\n<p data-start=\"2763\" data-end=\"2792\">\u00a0<\/p>\t\t\t\t\t\t\t\t<\/div>\n\t\t\t\t\t<\/div>\n\t\t\t\t<\/div>\n\t\t<div class=\"elementor-element elementor-element-63f2b38 e-flex e-con-boxed e-con e-parent\" data-id=\"63f2b38\" data-element_type=\"container\" data-e-type=\"container\">\n\t\t\t\t\t<div class=\"e-con-inner\">\n\t\t\t\t<div class=\"elementor-element elementor-element-8b45ddd elementor-widget elementor-widget-text-editor\" data-id=\"8b45ddd\" data-element_type=\"widget\" data-e-type=\"widget\" data-widget_type=\"text-editor.default\">\n\t\t\t\t\t\t\t\t\t<p data-start=\"2763\" data-end=\"2792\"><strong>BFT Diemos ve Icaro serileri:<\/strong><\/p>\n<ul data-start=\"2794\" data-end=\"2991\">\n<li data-start=\"2794\" data-end=\"2830\">\n<p data-start=\"2796\" data-end=\"2830\"><strong>500 kg \u2013 3500 kg kap\u0131 kapasitesi<\/strong><\/p>\n<\/li>\n<li data-start=\"2831\" data-end=\"2864\">\n<p data-start=\"2833\" data-end=\"2864\"><strong>220V AC ve 24V DC se\u00e7enekleri<\/strong><\/p>\n<\/li>\n<li data-start=\"2865\" data-end=\"2890\">\n<p data-start=\"2867\" data-end=\"2890\"><strong>Ak\u00fc destekli modeller<\/strong><\/p>\n<\/li>\n<li data-start=\"2891\" data-end=\"2921\">\n<p data-start=\"2893\" data-end=\"2921\"><strong>End\u00fcstriyel kullan\u0131m uyumu<\/strong><\/p>\n<\/li>\n<li data-start=\"2922\" data-end=\"2955\">\n<p data-start=\"2924\" data-end=\"2955\"><strong>Y\u00fcksek tork ve stabil \u00e7al\u0131\u015fma<\/strong><\/p>\n<\/li>\n<li data-start=\"2956\" data-end=\"2991\">\n<p data-start=\"2958\" data-end=\"2991\"><strong>Entegre kontrol kart\u0131 se\u00e7enekleri<\/strong><\/p>\n<\/li>\n<\/ul>\t\t\t\t\t\t\t\t<\/div>\n\t\t\t\t\t<\/div>\n\t\t\t\t<\/div>\n\t\t\t\t<\/div>","protected":false},"excerpt":{"rendered":"<p>Say\u0131n T\u00fcketici, Kap\u0131 sistemleri se\u00e7imi yap\u0131l\u0131rken \u00e7o\u011fu zaman g\u00f6zden ka\u00e7abilen \u00f6nemli teknik detaylar bulunmaktad\u0131r. Erka Doors olarak amac\u0131m\u0131z; ihtiyac\u0131n\u0131za tam uygun, uzun \u00f6m\u00fcrl\u00fc ve maliyet a\u00e7\u0131s\u0131ndan verimli \u00e7\u00f6z\u00fcmler sunmakt\u0131r. Bu do\u011frultuda beklentilerinizi do\u011fru analiz edebilmemiz i\u00e7in a\u015fa\u011f\u0131daki sorular\u0131n de\u011ferlendirilmesi \u00f6nem arz etmektedir. \u0130htiya\u00e7 Analizi Sorular\u0131 Otomatik veya manuel kap\u0131 tercihiniz nedir? G\u00fcvenlik ve kilitlenme \u00f6zellikleri [&hellip;]<\/p>\n","protected":false},"author":1,"featured_media":0,"parent":0,"menu_order":0,"comment_status":"closed","ping_status":"open","template":"","meta":{"footnotes":""},"class_list":["post-2","page","type-page","status-publish","hentry"],"_links":{"self":[{"href":"https:\/\/erkadoors.com\/en\/wp-json\/wp\/v2\/pages\/2","targetHints":{"allow":["GET"]}}],"collection":[{"href":"https:\/\/erkadoors.com\/en\/wp-json\/wp\/v2\/pages"}],"about":[{"href":"https:\/\/erkadoors.com\/en\/wp-json\/wp\/v2\/types\/page"}],"author":[{"embeddable":true,"href":"https:\/\/erkadoors.com\/en\/wp-json\/wp\/v2\/users\/1"}],"replies":[{"embeddable":true,"href":"https:\/\/erkadoors.com\/en\/wp-json\/wp\/v2\/comments?post=2"}],"version-history":[{"count":7,"href":"https:\/\/erkadoors.com\/en\/wp-json\/wp\/v2\/pages\/2\/revisions"}],"predecessor-version":[{"id":2834,"href":"https:\/\/erkadoors.com\/en\/wp-json\/wp\/v2\/pages\/2\/revisions\/2834"}],"wp:attachment":[{"href":"https:\/\/erkadoors.com\/en\/wp-json\/wp\/v2\/media?parent=2"}],"curies":[{"name":"wp","href":"https:\/\/api.w.org\/{rel}","templated":true}]}}