{"id":489,"date":"2024-10-05T10:12:58","date_gmt":"2024-10-05T10:12:58","guid":{"rendered":"https:\/\/wp.rrdevs.net\/artima\/?page_id=489"},"modified":"2026-04-16T10:54:47","modified_gmt":"2026-04-16T07:54:47","slug":"hakkimizda","status":"publish","type":"page","link":"https:\/\/erkadoors.com\/en\/hakkimizda\/","title":{"rendered":"Hakk\u0131m\u0131zda"},"content":{"rendered":"<div data-elementor-type=\"wp-page\" data-elementor-id=\"489\" class=\"elementor elementor-489\">\n\t\t\t\t<div class=\"elementor-element elementor-element-4cd0cc0 e-con-full e-flex e-con e-parent\" data-id=\"4cd0cc0\" data-element_type=\"container\" data-e-type=\"container\">\n\t\t\t\t<div class=\"elementor-element elementor-element-d06210d elementor-widget elementor-widget-about\" data-id=\"d06210d\" data-element_type=\"widget\" data-e-type=\"widget\" data-widget_type=\"about.default\">\n\t\t\t\t<div class=\"elementor-widget-container\">\n\t\t\t\t\t\r\n<!--choose-us area start -->\r\n<section class=\"choose-us section-space overflow-hidden rr-el-section\">\r\n    <div class=\"container\">\r\n        <div class=\"row align-items-center\">\r\n            <div class=\"col-lg-6\">\r\n                <div class=\"choose-us__content\">\r\n                    <div class=\"section-2__title-wrapper mb-20\">\r\n                                                <span class=\"section-2__subtitle mb-10 rr-el-sub-title\"><img decoding=\"async\" class=\"rightLeft\"\r\n                                src=\"https:\/\/erkadoors.com\/wp-content\/themes\/artima\/assets\/imgs\/update\/section-title\/left-shape.svg\"\r\n                                alt=\"arrow not found\">Erka Doors <\/span>\r\n                                                <h2 class=\"section-2__title text-capitalize title-animation rr-el-title\">Hakk\u0131m\u0131zda<\/h2>                    <\/div>\r\n\r\n                                        <p class=\"rr-el-desc\">1999 y\u0131l\u0131nda temelleri at\u0131lan ERKA, otomatik kap\u0131 ve g\u00fcvenlik sistemlerinde uzmanla\u015fm\u0131\u015f bir m\u00fchendislik firmas\u0131d\u0131r.\n\nKurucumuzun sekt\u00f6rel birikimi \u00fczerine in\u015fa edilen marka, bug\u00fcn yeni nesil y\u00f6netim anlay\u0131\u015f\u0131yla yoluna devam etmektedir.\n\nY\u00fcksek g\u00fcvenlikli ge\u00e7i\u015f sistemleri, bariyer \u00e7\u00f6z\u00fcmleri ve otomatik kap\u0131 uygulamalar\u0131nda proje bazl\u0131 m\u00fchendislik yakla\u015f\u0131m\u0131 benimseyen firmam\u0131z; kalite, teknik yeterlilik ve servis g\u00fcvencesiyle fark yarat\u0131r.                    <\/p>\r\n                                                                            <\/div>\r\n            <\/div>\r\n\r\n            <div class=\"col-lg-6\">\r\n                <div class=\"choose-us__media\">\r\n                                                            <img decoding=\"async\" class=\"wow clip-a-z\" src=\"https:\/\/erkadoors.com\/wp-content\/uploads\/2026\/04\/WhatsApp-Image-2026-04-14-at-13.43.10.jpeg\"\r\n                        alt=\"\">\r\n                                                            <div class=\"choose-us__box\">\r\n                                                <div class=\"choose-us__icon mb-10\"><img decoding=\"async\" src=\"https:\/\/erkadoors.com\/wp-content\/uploads\/2026\/04\/WhatsApp-Image-2026-04-14-at-22.00.39-150x150.jpeg\"\r\n                                alt=\"\"><\/div>\r\n                                                                                            <\/div>\r\n                                    <\/div>\r\n            <\/div>\r\n        <\/div>\r\n    <\/div>\r\n<\/section>\r\n<!--choose-us area end -->\r\n\t\t\t\t<\/div>\n\t\t\t\t<\/div>\n\t\t\t\t<\/div>\n\t\t<div class=\"elementor-element elementor-element-6acc72c e-flex e-con-boxed e-con e-parent\" data-id=\"6acc72c\" data-element_type=\"container\" data-e-type=\"container\">\n\t\t\t\t\t<div class=\"e-con-inner\">\n\t\t\t\t<div class=\"elementor-element elementor-element-0fb5101 elementor-widget elementor-widget-video\" data-id=\"0fb5101\" data-element_type=\"widget\" data-e-type=\"widget\" data-settings=\"{&quot;youtube_url&quot;:&quot;https:\\\/\\\/www.youtube.com\\\/watch?v=R-UD-Ie_tjw&quot;,&quot;video_type&quot;:&quot;youtube&quot;,&quot;controls&quot;:&quot;yes&quot;}\" data-widget_type=\"video.default\">\n\t\t\t\t\t\t\t<div class=\"elementor-wrapper elementor-open-inline\">\n\t\t\t<div class=\"elementor-video\"><\/div>\t\t<\/div>\n\t\t\t\t\t\t<\/div>\n\t\t\t\t\t<\/div>\n\t\t\t\t<\/div>\n\t\t<div class=\"elementor-element elementor-element-245474c e-flex e-con-boxed e-con e-parent\" data-id=\"245474c\" data-element_type=\"container\" data-e-type=\"container\">\n\t\t\t\t\t<div class=\"e-con-inner\">\n\t\t\t\t\t<\/div>\n\t\t\t\t<\/div>\n\t\t\t\t<\/div>","protected":false},"excerpt":{"rendered":"<p>Erka Doors Hakk\u0131m\u0131zda 1999 y\u0131l\u0131nda temelleri at\u0131lan ERKA, otomatik kap\u0131 ve g\u00fcvenlik sistemlerinde uzmanla\u015fm\u0131\u015f bir m\u00fchendislik firmas\u0131d\u0131r. Kurucumuzun sekt\u00f6rel birikimi \u00fczerine in\u015fa edilen marka, bug\u00fcn yeni nesil y\u00f6netim anlay\u0131\u015f\u0131yla yoluna devam etmektedir. Y\u00fcksek g\u00fcvenlikli ge\u00e7i\u015f sistemleri, bariyer \u00e7\u00f6z\u00fcmleri ve otomatik kap\u0131 uygulamalar\u0131nda proje bazl\u0131 m\u00fchendislik yakla\u015f\u0131m\u0131 benimseyen firmam\u0131z; kalite, teknik yeterlilik ve servis g\u00fcvencesiyle fark [&hellip;]<\/p>\n","protected":false},"author":1,"featured_media":0,"parent":0,"menu_order":0,"comment_status":"closed","ping_status":"closed","template":"elementor_header_footer","meta":{"footnotes":""},"class_list":["post-489","page","type-page","status-publish","hentry"],"_links":{"self":[{"href":"https:\/\/erkadoors.com\/en\/wp-json\/wp\/v2\/pages\/489","targetHints":{"allow":["GET"]}}],"collection":[{"href":"https:\/\/erkadoors.com\/en\/wp-json\/wp\/v2\/pages"}],"about":[{"href":"https:\/\/erkadoors.com\/en\/wp-json\/wp\/v2\/types\/page"}],"author":[{"embeddable":true,"href":"https:\/\/erkadoors.com\/en\/wp-json\/wp\/v2\/users\/1"}],"replies":[{"embeddable":true,"href":"https:\/\/erkadoors.com\/en\/wp-json\/wp\/v2\/comments?post=489"}],"version-history":[{"count":51,"href":"https:\/\/erkadoors.com\/en\/wp-json\/wp\/v2\/pages\/489\/revisions"}],"predecessor-version":[{"id":4188,"href":"https:\/\/erkadoors.com\/en\/wp-json\/wp\/v2\/pages\/489\/revisions\/4188"}],"wp:attachment":[{"href":"https:\/\/erkadoors.com\/en\/wp-json\/wp\/v2\/media?parent=489"}],"curies":[{"name":"wp","href":"https:\/\/api.w.org\/{rel}","templated":true}]}}