{"id":522,"date":"2024-10-06T04:27:34","date_gmt":"2024-10-06T04:27:34","guid":{"rendered":"https:\/\/wp.rrdevs.net\/artima\/?page_id=522"},"modified":"2026-02-22T22:38:28","modified_gmt":"2026-02-22T19:38:28","slug":"team","status":"publish","type":"page","link":"https:\/\/erkadoors.com\/en\/team\/","title":{"rendered":"\u00c7evre Bilincimiz"},"content":{"rendered":"<div data-elementor-type=\"wp-page\" data-elementor-id=\"522\" class=\"elementor elementor-522\">\n\t\t\t\t<div class=\"elementor-element elementor-element-f3e0f48 e-con-full e-flex e-con e-parent\" data-id=\"f3e0f48\" data-element_type=\"container\" data-e-type=\"container\">\n\t\t\t\t<\/div>\n\t\t<div class=\"elementor-element elementor-element-e892d0f e-flex e-con-boxed e-con e-parent\" data-id=\"e892d0f\" data-element_type=\"container\" data-e-type=\"container\">\n\t\t\t\t\t<div class=\"e-con-inner\">\n\t\t\t\t<div class=\"elementor-element elementor-element-67524de elementor-widget elementor-widget-spacer\" data-id=\"67524de\" data-element_type=\"widget\" data-e-type=\"widget\" data-widget_type=\"spacer.default\">\n\t\t\t\t\t\t\t<div class=\"elementor-spacer\">\n\t\t\t<div class=\"elementor-spacer-inner\"><\/div>\n\t\t<\/div>\n\t\t\t\t\t\t<\/div>\n\t\t\t\t\t<\/div>\n\t\t\t\t<\/div>\n\t\t<div class=\"elementor-element elementor-element-71d8e31 e-flex e-con-boxed e-con e-parent\" data-id=\"71d8e31\" data-element_type=\"container\" data-e-type=\"container\">\n\t\t\t\t\t<div class=\"e-con-inner\">\n\t\t\t\t<div class=\"elementor-element elementor-element-9020608 elementor-widget elementor-widget-about\" data-id=\"9020608\" data-element_type=\"widget\" data-e-type=\"widget\" data-widget_type=\"about.default\">\n\t\t\t\t<div class=\"elementor-widget-container\">\n\t\t\t\t\t\r\n<!--choose-us area start -->\r\n<section class=\"choose-us section-space overflow-hidden rr-el-section\">\r\n    <div class=\"container\">\r\n        <div class=\"row align-items-center\">\r\n            <div class=\"col-lg-6\">\r\n                <div class=\"choose-us__content\">\r\n                    <div class=\"section-2__title-wrapper mb-20\">\r\n                                                <span class=\"section-2__subtitle mb-10 rr-el-sub-title\"><img decoding=\"async\" class=\"rightLeft\"\r\n                                src=\"https:\/\/erkadoors.com\/wp-content\/themes\/artima\/assets\/imgs\/update\/section-title\/left-shape.svg\"\r\n                                alt=\"arrow not found\">ERKA DOORS <\/span>\r\n                                                <h2 class=\"section-2__title text-capitalize title-animation rr-el-title\">\ud83c\udf3f \u00c7EVRE B\u0130L\u0130NC\u0130M\u0130Z<\/h2>                    <\/div>\r\n\r\n                                        <p class=\"rr-el-desc\">Erka Doors olarak t\u00fcm \u00fcretim s\u00fcre\u00e7lerimizde \u00e7evre dostu, s\u00fcrd\u00fcr\u00fclebilir ve do\u011faya sayg\u0131l\u0131 bir yakla\u015f\u0131m\u0131 esas al\u0131yoruz. Gelecek nesillere temiz ve ya\u015fanabilir bir d\u00fcnya b\u0131rakma sorumlulu\u011funun bilinciyle hareket ediyor; do\u011fal kaynaklar\u0131n do\u011fru ve verimli kullan\u0131m\u0131 i\u00e7in bilimsel \u00e7al\u0131\u015fmalar do\u011frultusunda geli\u015ftirilen uygulamalar\u0131 destekliyoruz.\n\nBu anlay\u0131\u015fla ERKA DOORS, kapsaml\u0131 bir \u00e7evre y\u00f6netim program\u0131 olu\u015fturmu\u015f ve aktif olarak hayata ge\u00e7irmi\u015ftir.                    <\/p>\r\n                                                                            <\/div>\r\n            <\/div>\r\n\r\n            <div class=\"col-lg-6\">\r\n                <div class=\"choose-us__media\">\r\n                                                                            <\/div>\r\n            <\/div>\r\n        <\/div>\r\n    <\/div>\r\n<\/section>\r\n<!--choose-us area end -->\r\n\t\t\t\t<\/div>\n\t\t\t\t<\/div>\n\t\t\t\t<div class=\"elementor-element elementor-element-3e26784 elementor-widget elementor-widget-about\" data-id=\"3e26784\" data-element_type=\"widget\" data-e-type=\"widget\" data-widget_type=\"about.default\">\n\t\t\t\t<div class=\"elementor-widget-container\">\n\t\t\t\t\t\r\n<!--about-us-4 area start -->\r\n<section class=\"about-us-4 section-space overflow-hidden rr-el-section\">\r\n    <div class=\"container\">\r\n        <div class=\"row\">\r\n            <div class=\"col-lg-6\">\r\n                <div class=\"about-us-4__content\">\r\n                                        <div class=\"section-2__title-wrapper mb-20\">\r\n                                                <h2 class=\"section-2__title text-capitalize title-animation rr-el-title\">\u00c7EVRE ANDIMIZ<\/h2>                    <\/div>\r\n                                        <p class=\"text-capitalize rr-el-desc\">Gelece\u011fimizin teminat\u0131 olan \u00e7ocuklar\u0131m\u0131za, do\u011fal kaynaklar\u0131 korunmu\u015f bir d\u00fcnya b\u0131rakma sorumlulu\u011funun bilincindeyiz.\n\nBireylerin ve toplumlar\u0131n do\u011fadan kopmadan s\u00fcrd\u00fcr\u00fclebilir bir ya\u015fam kurmas\u0131n\u0131n; do\u011faya ve t\u00fcm canl\u0131lara sayg\u0131 ile m\u00fcmk\u00fcn oldu\u011funa inan\u0131yor, \u00e7evre bilinci y\u00fcksek ki\u015fi ve kurumlar\u0131 destekliyoruz.\n\nDo\u011fadan ald\u0131\u011f\u0131m\u0131z\u0131 yeniden do\u011faya kazand\u0131rma anlay\u0131\u015f\u0131yla sekt\u00f6r\u00fcm\u00fczde \u00f6rnek g\u00f6sterilen \u00f6nc\u00fc bir marka olmay\u0131 hedefliyoruz.\n\nKurum genelinde g\u00f6sterdi\u011fimiz \u00e7evresel duyarl\u0131l\u0131\u011f\u0131n; \u00e7al\u0131\u015fanlar\u0131m\u0131z, tedarik\u00e7ilerimiz ve i\u015f ortaklar\u0131m\u0131z taraf\u0131ndan da benimsenmesini \u00f6nemsiyoruz.\n\nYerel de\u011ferleri koruyarak evrensel stratejiler \u00fcretmeyi hedefleyen bir kurum olarak, \u00fczerinde ya\u015fad\u0131\u011f\u0131m\u0131z topraklar\u0131n k\u00fclt\u00fcrel ve tarihi miras\u0131n\u0131 korumay\u0131 g\u00f6rev kabul ediyoruz.\n\n\u00c7evre \u00fczerinde olumsuz etki olu\u015fturabilecek t\u00fcm unsurlar\u0131 yasal \u00e7er\u00e7evede kontrol alt\u0131na almay\u0131, azaltmay\u0131 ve \u00f6nlemeyi kalite anlay\u0131\u015f\u0131m\u0131z\u0131n temel bir par\u00e7as\u0131 olarak g\u00f6r\u00fcyoruz.\n\nEnerji ve yeralt\u0131 kaynaklar\u0131n\u0131n verimli kullan\u0131m\u0131 ile yenilenebilir enerji bilincinin art\u0131r\u0131lmas\u0131na y\u00f6nelik t\u00fcm \u00e7al\u0131\u015fmalar\u0131 destekliyoruz.                    <\/p>\r\n                                                                                                <\/div>\r\n            <\/div>\r\n\r\n            <div class=\"col-lg-6\">\r\n                <div class=\"about-us-4__media clip-a-z\">\r\n                                                        <\/div>\r\n            <\/div>\r\n        <\/div>\r\n    <\/div>\r\n<\/section>\r\n<!--about-us-4 area end -->\r\n\t\t\t\t<\/div>\n\t\t\t\t<\/div>\n\t\t\t\t<div class=\"elementor-element elementor-element-0a736f9 elementor-widget elementor-widget-about\" data-id=\"0a736f9\" data-element_type=\"widget\" data-e-type=\"widget\" data-widget_type=\"about.default\">\n\t\t\t\t<div class=\"elementor-widget-container\">\n\t\t\t\t\t\r\n<!--about-us-4 area start -->\r\n<section class=\"about-us-4 section-space overflow-hidden rr-el-section\">\r\n    <div class=\"container\">\r\n        <div class=\"row\">\r\n            <div class=\"col-lg-6\">\r\n                <div class=\"about-us-4__content\">\r\n                                        <div class=\"section-2__title-wrapper mb-20\">\r\n                                                <h2 class=\"section-2__title text-capitalize title-animation rr-el-title\">\u00c7EVREY\u0130 KORUMAK \u0130\u00c7\u0130N \u00d6NEML\u0130 \n      DAVRANI\u015eLAR<\/h2>                    <\/div>\r\n                                        <p class=\"text-capitalize rr-el-desc\">Geri d\u00f6n\u00fc\u015f\u00fcm i\u015faretli \u00fcr\u00fcnleri tercih edelim.\n\nAl\u0131\u015fveri\u015flerde naylon po\u015fet yerine bez \u00e7anta kullanal\u0131m.\n\nTek kullan\u0131ml\u0131k \u00fcr\u00fcn t\u00fcketimini azaltal\u0131m, uzun \u00f6m\u00fcrl\u00fc \u00fcr\u00fcnleri tercih edelim.\n\nCam \u015fi\u015fe ve kavanozlar\u0131 yeniden kullanal\u0131m.\n\nCam at\u0131klar\u0131 belediyelerin cam kumbaralar\u0131na b\u0131rakal\u0131m.\n\nSu kaynaklar\u0131n\u0131 insan ve hayvan at\u0131klar\u0131yla kirletmeyelim.\n\nGereksiz durumlarda \u0131\u015f\u0131klar\u0131 ve musluklar\u0131 kapatal\u0131m.\n\nTek kullan\u0131ml\u0131k pil yerine \u015farj edilebilir pil kullanal\u0131m.\n\nOrmanlarda ve ye\u015fil alanlarda ate\u015f yakmayal\u0131m, izmarit atmayal\u0131m.\n\nPiknik alanlar\u0131n\u0131 temiz b\u0131rakal\u0131m.\n\nKa\u011f\u0131d\u0131 m\u00fcmk\u00fcn oldu\u011funca \u00e7ift tarafl\u0131 kullanal\u0131m, israftan ka\u00e7\u0131nal\u0131m.\n\nDijital ileti\u015fim y\u00f6ntemlerini tercih ederek ka\u011f\u0131t t\u00fcketimini azaltal\u0131m.\n\nDi\u015f f\u0131r\u00e7alarken, t\u0131ra\u015f olurken ve bula\u015f\u0131k y\u0131karken suyu bo\u015fa ak\u0131tmayal\u0131m.\n\nSifon su t\u00fcketimini kontrol alt\u0131nda tutal\u0131m.\n\nGri su geri kazan\u0131m sistemlerini destekleyen yap\u0131lar\u0131 tercih edelim.\n\nG\u00fcn \u0131\u015f\u0131\u011f\u0131ndan maksimum yararlanan ya\u015fam alanlar\u0131n\u0131 tercih edelim.\n\nProjelerde ye\u015fil alan oran\u0131n\u0131n y\u00fcksek olmas\u0131n\u0131 destekleyelim.\n\nToplu ula\u015f\u0131m ve d\u00fc\u015f\u00fck emisyonlu ara\u00e7 kullan\u0131m\u0131n\u0131 te\u015fvik edelim.\n\nYa\u011fmur suyu toplama sistemlerinin yayg\u0131nla\u015fmas\u0131n\u0131 destekleyelim.\n\n\u0130n\u015faatlarda geri d\u00f6n\u00fc\u015ft\u00fcr\u00fclebilir malzeme kullan\u0131m\u0131n\u0131 \u00f6nemseyelim.\n\n\u0130\u00e7 mekanlarda d\u00fc\u015f\u00fck u\u00e7ucu bile\u015fenli, \u00e7evre dostu yap\u0131 kimyasallar\u0131 tercih edelim.\n\nEnerji verimlili\u011fi i\u00e7in otomasyon ve kontrol sistemlerine \u00f6nem verelim.                    <\/p>\r\n                                                                                                <\/div>\r\n            <\/div>\r\n\r\n            <div class=\"col-lg-6\">\r\n                <div class=\"about-us-4__media clip-a-z\">\r\n                                                        <\/div>\r\n            <\/div>\r\n        <\/div>\r\n    <\/div>\r\n<\/section>\r\n<!--about-us-4 area end -->\r\n\t\t\t\t<\/div>\n\t\t\t\t<\/div>\n\t\t\t\t\t<\/div>\n\t\t\t\t<\/div>\n\t\t\t\t<\/div>","protected":false},"excerpt":{"rendered":"<p>ERKA DOORS \ud83c\udf3f \u00c7EVRE B\u0130L\u0130NC\u0130M\u0130Z Erka Doors olarak t\u00fcm \u00fcretim s\u00fcre\u00e7lerimizde \u00e7evre dostu, s\u00fcrd\u00fcr\u00fclebilir ve do\u011faya sayg\u0131l\u0131 bir yakla\u015f\u0131m\u0131 esas al\u0131yoruz. Gelecek nesillere temiz ve ya\u015fanabilir bir d\u00fcnya b\u0131rakma sorumlulu\u011funun bilinciyle hareket ediyor; do\u011fal kaynaklar\u0131n do\u011fru ve verimli kullan\u0131m\u0131 i\u00e7in bilimsel \u00e7al\u0131\u015fmalar do\u011frultusunda geli\u015ftirilen uygulamalar\u0131 destekliyoruz. Bu anlay\u0131\u015fla ERKA DOORS, kapsaml\u0131 bir \u00e7evre y\u00f6netim program\u0131 [&hellip;]<\/p>\n","protected":false},"author":1,"featured_media":0,"parent":0,"menu_order":0,"comment_status":"closed","ping_status":"closed","template":"elementor_header_footer","meta":{"footnotes":""},"class_list":["post-522","page","type-page","status-publish","hentry"],"_links":{"self":[{"href":"https:\/\/erkadoors.com\/en\/wp-json\/wp\/v2\/pages\/522","targetHints":{"allow":["GET"]}}],"collection":[{"href":"https:\/\/erkadoors.com\/en\/wp-json\/wp\/v2\/pages"}],"about":[{"href":"https:\/\/erkadoors.com\/en\/wp-json\/wp\/v2\/types\/page"}],"author":[{"embeddable":true,"href":"https:\/\/erkadoors.com\/en\/wp-json\/wp\/v2\/users\/1"}],"replies":[{"embeddable":true,"href":"https:\/\/erkadoors.com\/en\/wp-json\/wp\/v2\/comments?post=522"}],"version-history":[{"count":51,"href":"https:\/\/erkadoors.com\/en\/wp-json\/wp\/v2\/pages\/522\/revisions"}],"predecessor-version":[{"id":2902,"href":"https:\/\/erkadoors.com\/en\/wp-json\/wp\/v2\/pages\/522\/revisions\/2902"}],"wp:attachment":[{"href":"https:\/\/erkadoors.com\/en\/wp-json\/wp\/v2\/media?parent=522"}],"curies":[{"name":"wp","href":"https:\/\/api.w.org\/{rel}","templated":true}]}}