{"id":544,"date":"2024-10-06T04:42:50","date_gmt":"2024-10-06T04:42:50","guid":{"rendered":"https:\/\/wp.rrdevs.net\/artima\/?page_id=544"},"modified":"2026-04-16T10:48:27","modified_gmt":"2026-04-16T07:48:27","slug":"referanslar","status":"publish","type":"page","link":"https:\/\/erkadoors.com\/en\/referanslar\/","title":{"rendered":"Referanslar"},"content":{"rendered":"<div data-elementor-type=\"wp-page\" data-elementor-id=\"544\" class=\"elementor elementor-544\">\n\t\t\t\t<div class=\"elementor-element elementor-element-1053d23 e-flex e-con-boxed e-con e-parent\" data-id=\"1053d23\" data-element_type=\"container\" data-e-type=\"container\">\n\t\t\t\t\t<div class=\"e-con-inner\">\n\t\t\t\t<div class=\"elementor-element elementor-element-b50e848 elementor-widget elementor-widget-spacer\" data-id=\"b50e848\" data-element_type=\"widget\" data-e-type=\"widget\" data-widget_type=\"spacer.default\">\n\t\t\t\t\t\t\t<div class=\"elementor-spacer\">\n\t\t\t<div class=\"elementor-spacer-inner\"><\/div>\n\t\t<\/div>\n\t\t\t\t\t\t<\/div>\n\t\t\t\t\t<\/div>\n\t\t\t\t<\/div>\n\t\t<div class=\"elementor-element elementor-element-773d995 e-flex e-con-boxed e-con e-parent\" data-id=\"773d995\" data-element_type=\"container\" data-e-type=\"container\">\n\t\t\t\t\t<div class=\"e-con-inner\">\n\t\t\t\t<div class=\"elementor-element elementor-element-2519654 elementor-widget elementor-widget-text-editor\" data-id=\"2519654\" data-element_type=\"widget\" data-e-type=\"widget\" data-widget_type=\"text-editor.default\">\n\t\t\t\t\t\t\t\t\t<p data-start=\"132\" data-end=\"457\"><strong>1999\u2019dan bu yana T\u00fcrkiye\u2019nin \u00f6nde gelen kurum ve projelerine otomatik kap\u0131 ve ge\u00e7i\u015f kontrol \u00e7\u00f6z\u00fcmleri sunuyoruz. G\u00fcven, kalite ve s\u00fcrd\u00fcr\u00fclebilir performans odakl\u0131 yakla\u015f\u0131m\u0131m\u0131zla hayata ge\u00e7irdi\u011fimiz se\u00e7ili referanslar\u0131m\u0131z\u0131 a\u015fa\u011f\u0131da inceleyebilirsiniz. Daha fazla referans ve detayl\u0131 bilgi i\u00e7in bizimle ileti\u015fime ge\u00e7ebilirsiniz.<\/strong><\/p>\t\t\t\t\t\t\t\t<\/div>\n\t\t\t\t\t<\/div>\n\t\t\t\t<\/div>\n\t\t<div class=\"elementor-element elementor-element-bb6c03f e-flex e-con-boxed e-con e-parent\" data-id=\"bb6c03f\" data-element_type=\"container\" data-e-type=\"container\">\n\t\t\t\t\t<div class=\"e-con-inner\">\n\t\t\t\t<div class=\"elementor-element elementor-element-668f413 elementor-widget elementor-widget-image-gallery\" data-id=\"668f413\" data-element_type=\"widget\" data-e-type=\"widget\" data-widget_type=\"image-gallery.default\">\n\t\t\t\t\t\t\t<div class=\"elementor-image-gallery\">\n\t\t\t<div id='gallery-1' class='gallery galleryid-544 gallery-columns-4 gallery-size-thumbnail'><figure class='gallery-item'>\n\t\t\t<div class='gallery-icon portrait'>\n\t\t\t\t<a data-elementor-open-lightbox=\"yes\" data-elementor-lightbox-slideshow=\"668f413\" data-elementor-lightbox-title=\"referans-20\" data-e-action-hash=\"#elementor-action%3Aaction%3Dlightbox%26settings%3DeyJpZCI6MjY2MywidXJsIjoiaHR0cHM6XC9cL2Vya2Fkb29ycy5jb21cL3dwLWNvbnRlbnRcL3VwbG9hZHNcLzIwMjZcLzAyXC9yZWZlcmFucy0yMC5wbmciLCJzbGlkZXNob3ciOiI2NjhmNDEzIn0%3D\" href='https:\/\/erkadoors.com\/wp-content\/uploads\/2026\/02\/referans-20.png'><img decoding=\"async\" width=\"150\" height=\"150\" src=\"https:\/\/erkadoors.com\/wp-content\/uploads\/2026\/02\/referans-20-150x150.png\" class=\"attachment-thumbnail size-thumbnail\" alt=\"\" srcset=\"https:\/\/erkadoors.com\/wp-content\/uploads\/2026\/02\/referans-20-150x150.png 150w, https:\/\/erkadoors.com\/wp-content\/uploads\/2026\/02\/referans-20-12x12.png 12w\" sizes=\"(max-width: 150px) 100vw, 150px\" \/><\/a>\n\t\t\t<\/div><\/figure><figure class='gallery-item'>\n\t\t\t<div class='gallery-icon portrait'>\n\t\t\t\t<a data-elementor-open-lightbox=\"yes\" data-elementor-lightbox-slideshow=\"668f413\" data-elementor-lightbox-title=\"referans-17\" data-e-action-hash=\"#elementor-action%3Aaction%3Dlightbox%26settings%3DeyJpZCI6MjY2MCwidXJsIjoiaHR0cHM6XC9cL2Vya2Fkb29ycy5jb21cL3dwLWNvbnRlbnRcL3VwbG9hZHNcLzIwMjZcLzAyXC9yZWZlcmFucy0xNy5wbmciLCJzbGlkZXNob3ciOiI2NjhmNDEzIn0%3D\" href='https:\/\/erkadoors.com\/wp-content\/uploads\/2026\/02\/referans-17.png'><img decoding=\"async\" width=\"150\" height=\"150\" src=\"https:\/\/erkadoors.com\/wp-content\/uploads\/2026\/02\/referans-17-150x150.png\" class=\"attachment-thumbnail size-thumbnail\" alt=\"\" srcset=\"https:\/\/erkadoors.com\/wp-content\/uploads\/2026\/02\/referans-17-150x150.png 150w, https:\/\/erkadoors.com\/wp-content\/uploads\/2026\/02\/referans-17-12x12.png 12w\" sizes=\"(max-width: 150px) 100vw, 150px\" \/><\/a>\n\t\t\t<\/div><\/figure><figure class='gallery-item'>\n\t\t\t<div class='gallery-icon portrait'>\n\t\t\t\t<a data-elementor-open-lightbox=\"yes\" data-elementor-lightbox-slideshow=\"668f413\" data-elementor-lightbox-title=\"referans-18\" data-e-action-hash=\"#elementor-action%3Aaction%3Dlightbox%26settings%3DeyJpZCI6MjY2MSwidXJsIjoiaHR0cHM6XC9cL2Vya2Fkb29ycy5jb21cL3dwLWNvbnRlbnRcL3VwbG9hZHNcLzIwMjZcLzAyXC9yZWZlcmFucy0xOC5wbmciLCJzbGlkZXNob3ciOiI2NjhmNDEzIn0%3D\" href='https:\/\/erkadoors.com\/wp-content\/uploads\/2026\/02\/referans-18.png'><img decoding=\"async\" width=\"150\" height=\"150\" src=\"https:\/\/erkadoors.com\/wp-content\/uploads\/2026\/02\/referans-18-150x150.png\" class=\"attachment-thumbnail size-thumbnail\" alt=\"\" srcset=\"https:\/\/erkadoors.com\/wp-content\/uploads\/2026\/02\/referans-18-150x150.png 150w, https:\/\/erkadoors.com\/wp-content\/uploads\/2026\/02\/referans-18-12x12.png 12w\" sizes=\"(max-width: 150px) 100vw, 150px\" \/><\/a>\n\t\t\t<\/div><\/figure><figure class='gallery-item'>\n\t\t\t<div class='gallery-icon portrait'>\n\t\t\t\t<a data-elementor-open-lightbox=\"yes\" data-elementor-lightbox-slideshow=\"668f413\" data-elementor-lightbox-title=\"referans-19\" data-e-action-hash=\"#elementor-action%3Aaction%3Dlightbox%26settings%3DeyJpZCI6MjY2MiwidXJsIjoiaHR0cHM6XC9cL2Vya2Fkb29ycy5jb21cL3dwLWNvbnRlbnRcL3VwbG9hZHNcLzIwMjZcLzAyXC9yZWZlcmFucy0xOS5wbmciLCJzbGlkZXNob3ciOiI2NjhmNDEzIn0%3D\" href='https:\/\/erkadoors.com\/wp-content\/uploads\/2026\/02\/referans-19.png'><img loading=\"lazy\" decoding=\"async\" width=\"150\" height=\"150\" src=\"https:\/\/erkadoors.com\/wp-content\/uploads\/2026\/02\/referans-19-150x150.png\" class=\"attachment-thumbnail size-thumbnail\" alt=\"\" srcset=\"https:\/\/erkadoors.com\/wp-content\/uploads\/2026\/02\/referans-19-150x150.png 150w, https:\/\/erkadoors.com\/wp-content\/uploads\/2026\/02\/referans-19-12x12.png 12w\" sizes=\"(max-width: 150px) 100vw, 150px\" \/><\/a>\n\t\t\t<\/div><\/figure><figure class='gallery-item'>\n\t\t\t<div class='gallery-icon portrait'>\n\t\t\t\t<a data-elementor-open-lightbox=\"yes\" data-elementor-lightbox-slideshow=\"668f413\" data-elementor-lightbox-title=\"referans-15\" data-e-action-hash=\"#elementor-action%3Aaction%3Dlightbox%26settings%3DeyJpZCI6MjY1OSwidXJsIjoiaHR0cHM6XC9cL2Vya2Fkb29ycy5jb21cL3dwLWNvbnRlbnRcL3VwbG9hZHNcLzIwMjZcLzAyXC9yZWZlcmFucy0xNS5wbmciLCJzbGlkZXNob3ciOiI2NjhmNDEzIn0%3D\" href='https:\/\/erkadoors.com\/wp-content\/uploads\/2026\/02\/referans-15.png'><img loading=\"lazy\" decoding=\"async\" width=\"150\" height=\"150\" src=\"https:\/\/erkadoors.com\/wp-content\/uploads\/2026\/02\/referans-15-150x150.png\" class=\"attachment-thumbnail size-thumbnail\" alt=\"\" srcset=\"https:\/\/erkadoors.com\/wp-content\/uploads\/2026\/02\/referans-15-150x150.png 150w, https:\/\/erkadoors.com\/wp-content\/uploads\/2026\/02\/referans-15-12x12.png 12w\" sizes=\"(max-width: 150px) 100vw, 150px\" \/><\/a>\n\t\t\t<\/div><\/figure><figure class='gallery-item'>\n\t\t\t<div class='gallery-icon portrait'>\n\t\t\t\t<a data-elementor-open-lightbox=\"yes\" data-elementor-lightbox-slideshow=\"668f413\" data-elementor-lightbox-title=\"referans-13\" data-e-action-hash=\"#elementor-action%3Aaction%3Dlightbox%26settings%3DeyJpZCI6MjY1NywidXJsIjoiaHR0cHM6XC9cL2Vya2Fkb29ycy5jb21cL3dwLWNvbnRlbnRcL3VwbG9hZHNcLzIwMjZcLzAyXC9yZWZlcmFucy0xMy5wbmciLCJzbGlkZXNob3ciOiI2NjhmNDEzIn0%3D\" href='https:\/\/erkadoors.com\/wp-content\/uploads\/2026\/02\/referans-13.png'><img loading=\"lazy\" decoding=\"async\" width=\"150\" height=\"150\" src=\"https:\/\/erkadoors.com\/wp-content\/uploads\/2026\/02\/referans-13-150x150.png\" class=\"attachment-thumbnail size-thumbnail\" alt=\"\" srcset=\"https:\/\/erkadoors.com\/wp-content\/uploads\/2026\/02\/referans-13-150x150.png 150w, https:\/\/erkadoors.com\/wp-content\/uploads\/2026\/02\/referans-13-12x12.png 12w\" sizes=\"(max-width: 150px) 100vw, 150px\" \/><\/a>\n\t\t\t<\/div><\/figure><figure class='gallery-item'>\n\t\t\t<div class='gallery-icon portrait'>\n\t\t\t\t<a data-elementor-open-lightbox=\"yes\" data-elementor-lightbox-slideshow=\"668f413\" data-elementor-lightbox-title=\"referans-14\" data-e-action-hash=\"#elementor-action%3Aaction%3Dlightbox%26settings%3DeyJpZCI6MjY1OCwidXJsIjoiaHR0cHM6XC9cL2Vya2Fkb29ycy5jb21cL3dwLWNvbnRlbnRcL3VwbG9hZHNcLzIwMjZcLzAyXC9yZWZlcmFucy0xNC5wbmciLCJzbGlkZXNob3ciOiI2NjhmNDEzIn0%3D\" href='https:\/\/erkadoors.com\/wp-content\/uploads\/2026\/02\/referans-14.png'><img loading=\"lazy\" decoding=\"async\" width=\"150\" height=\"150\" src=\"https:\/\/erkadoors.com\/wp-content\/uploads\/2026\/02\/referans-14-150x150.png\" class=\"attachment-thumbnail size-thumbnail\" alt=\"\" srcset=\"https:\/\/erkadoors.com\/wp-content\/uploads\/2026\/02\/referans-14-150x150.png 150w, https:\/\/erkadoors.com\/wp-content\/uploads\/2026\/02\/referans-14-12x12.png 12w\" sizes=\"(max-width: 150px) 100vw, 150px\" \/><\/a>\n\t\t\t<\/div><\/figure><figure class='gallery-item'>\n\t\t\t<div class='gallery-icon portrait'>\n\t\t\t\t<a data-elementor-open-lightbox=\"yes\" data-elementor-lightbox-slideshow=\"668f413\" data-elementor-lightbox-title=\"referans-16\" data-e-action-hash=\"#elementor-action%3Aaction%3Dlightbox%26settings%3DeyJpZCI6MjY1NiwidXJsIjoiaHR0cHM6XC9cL2Vya2Fkb29ycy5jb21cL3dwLWNvbnRlbnRcL3VwbG9hZHNcLzIwMjZcLzAyXC9yZWZlcmFucy0xNi5wbmciLCJzbGlkZXNob3ciOiI2NjhmNDEzIn0%3D\" href='https:\/\/erkadoors.com\/wp-content\/uploads\/2026\/02\/referans-16.png'><img loading=\"lazy\" decoding=\"async\" width=\"150\" height=\"150\" src=\"https:\/\/erkadoors.com\/wp-content\/uploads\/2026\/02\/referans-16-150x150.png\" class=\"attachment-thumbnail size-thumbnail\" alt=\"\" srcset=\"https:\/\/erkadoors.com\/wp-content\/uploads\/2026\/02\/referans-16-150x150.png 150w, https:\/\/erkadoors.com\/wp-content\/uploads\/2026\/02\/referans-16-12x12.png 12w\" sizes=\"(max-width: 150px) 100vw, 150px\" \/><\/a>\n\t\t\t<\/div><\/figure><figure class='gallery-item'>\n\t\t\t<div class='gallery-icon portrait'>\n\t\t\t\t<a data-elementor-open-lightbox=\"yes\" data-elementor-lightbox-slideshow=\"668f413\" data-elementor-lightbox-title=\"referans-8\" data-e-action-hash=\"#elementor-action%3Aaction%3Dlightbox%26settings%3DeyJpZCI6MjY1NCwidXJsIjoiaHR0cHM6XC9cL2Vya2Fkb29ycy5jb21cL3dwLWNvbnRlbnRcL3VwbG9hZHNcLzIwMjZcLzAyXC9yZWZlcmFucy04LTEucG5nIiwic2xpZGVzaG93IjoiNjY4ZjQxMyJ9\" href='https:\/\/erkadoors.com\/wp-content\/uploads\/2026\/02\/referans-8-1.png'><img loading=\"lazy\" decoding=\"async\" width=\"150\" height=\"150\" src=\"https:\/\/erkadoors.com\/wp-content\/uploads\/2026\/02\/referans-8-1-150x150.png\" class=\"attachment-thumbnail size-thumbnail\" alt=\"\" srcset=\"https:\/\/erkadoors.com\/wp-content\/uploads\/2026\/02\/referans-8-1-150x150.png 150w, https:\/\/erkadoors.com\/wp-content\/uploads\/2026\/02\/referans-8-1-12x12.png 12w\" sizes=\"(max-width: 150px) 100vw, 150px\" \/><\/a>\n\t\t\t<\/div><\/figure><figure class='gallery-item'>\n\t\t\t<div class='gallery-icon portrait'>\n\t\t\t\t<a data-elementor-open-lightbox=\"yes\" data-elementor-lightbox-slideshow=\"668f413\" data-elementor-lightbox-title=\"referans-1\" data-e-action-hash=\"#elementor-action%3Aaction%3Dlightbox%26settings%3DeyJpZCI6MjY1MywidXJsIjoiaHR0cHM6XC9cL2Vya2Fkb29ycy5jb21cL3dwLWNvbnRlbnRcL3VwbG9hZHNcLzIwMjZcLzAyXC9yZWZlcmFucy0xLTIucG5nIiwic2xpZGVzaG93IjoiNjY4ZjQxMyJ9\" href='https:\/\/erkadoors.com\/wp-content\/uploads\/2026\/02\/referans-1-2.png'><img loading=\"lazy\" decoding=\"async\" width=\"150\" height=\"150\" src=\"https:\/\/erkadoors.com\/wp-content\/uploads\/2026\/02\/referans-1-2-150x150.png\" class=\"attachment-thumbnail size-thumbnail\" alt=\"\" srcset=\"https:\/\/erkadoors.com\/wp-content\/uploads\/2026\/02\/referans-1-2-150x150.png 150w, https:\/\/erkadoors.com\/wp-content\/uploads\/2026\/02\/referans-1-2-12x12.png 12w\" sizes=\"(max-width: 150px) 100vw, 150px\" \/><\/a>\n\t\t\t<\/div><\/figure><figure class='gallery-item'>\n\t\t\t<div class='gallery-icon portrait'>\n\t\t\t\t<a data-elementor-open-lightbox=\"yes\" data-elementor-lightbox-slideshow=\"668f413\" data-elementor-lightbox-title=\"referans-12\" data-e-action-hash=\"#elementor-action%3Aaction%3Dlightbox%26settings%3DeyJpZCI6MjY0OSwidXJsIjoiaHR0cHM6XC9cL2Vya2Fkb29ycy5jb21cL3dwLWNvbnRlbnRcL3VwbG9hZHNcLzIwMjZcLzAyXC9yZWZlcmFucy0xMi5wbmciLCJzbGlkZXNob3ciOiI2NjhmNDEzIn0%3D\" href='https:\/\/erkadoors.com\/wp-content\/uploads\/2026\/02\/referans-12.png'><img loading=\"lazy\" decoding=\"async\" width=\"150\" height=\"150\" src=\"https:\/\/erkadoors.com\/wp-content\/uploads\/2026\/02\/referans-12-150x150.png\" class=\"attachment-thumbnail size-thumbnail\" alt=\"\" srcset=\"https:\/\/erkadoors.com\/wp-content\/uploads\/2026\/02\/referans-12-150x150.png 150w, https:\/\/erkadoors.com\/wp-content\/uploads\/2026\/02\/referans-12-12x12.png 12w\" sizes=\"(max-width: 150px) 100vw, 150px\" \/><\/a>\n\t\t\t<\/div><\/figure><figure class='gallery-item'>\n\t\t\t<div class='gallery-icon portrait'>\n\t\t\t\t<a data-elementor-open-lightbox=\"yes\" data-elementor-lightbox-slideshow=\"668f413\" data-elementor-lightbox-title=\"referans-11\" data-e-action-hash=\"#elementor-action%3Aaction%3Dlightbox%26settings%3DeyJpZCI6MjY0OCwidXJsIjoiaHR0cHM6XC9cL2Vya2Fkb29ycy5jb21cL3dwLWNvbnRlbnRcL3VwbG9hZHNcLzIwMjZcLzAyXC9yZWZlcmFucy0xMS5wbmciLCJzbGlkZXNob3ciOiI2NjhmNDEzIn0%3D\" href='https:\/\/erkadoors.com\/wp-content\/uploads\/2026\/02\/referans-11.png'><img loading=\"lazy\" decoding=\"async\" width=\"150\" height=\"150\" src=\"https:\/\/erkadoors.com\/wp-content\/uploads\/2026\/02\/referans-11-150x150.png\" class=\"attachment-thumbnail size-thumbnail\" alt=\"\" srcset=\"https:\/\/erkadoors.com\/wp-content\/uploads\/2026\/02\/referans-11-150x150.png 150w, https:\/\/erkadoors.com\/wp-content\/uploads\/2026\/02\/referans-11-12x12.png 12w\" sizes=\"(max-width: 150px) 100vw, 150px\" \/><\/a>\n\t\t\t<\/div><\/figure><figure class='gallery-item'>\n\t\t\t<div class='gallery-icon portrait'>\n\t\t\t\t<a data-elementor-open-lightbox=\"yes\" data-elementor-lightbox-slideshow=\"668f413\" data-elementor-lightbox-title=\"referans-10\" data-e-action-hash=\"#elementor-action%3Aaction%3Dlightbox%26settings%3DeyJpZCI6MjY0NywidXJsIjoiaHR0cHM6XC9cL2Vya2Fkb29ycy5jb21cL3dwLWNvbnRlbnRcL3VwbG9hZHNcLzIwMjZcLzAyXC9yZWZlcmFucy0xMC5wbmciLCJzbGlkZXNob3ciOiI2NjhmNDEzIn0%3D\" href='https:\/\/erkadoors.com\/wp-content\/uploads\/2026\/02\/referans-10.png'><img loading=\"lazy\" decoding=\"async\" width=\"150\" height=\"150\" src=\"https:\/\/erkadoors.com\/wp-content\/uploads\/2026\/02\/referans-10-150x150.png\" class=\"attachment-thumbnail size-thumbnail\" alt=\"\" srcset=\"https:\/\/erkadoors.com\/wp-content\/uploads\/2026\/02\/referans-10-150x150.png 150w, https:\/\/erkadoors.com\/wp-content\/uploads\/2026\/02\/referans-10-12x12.png 12w\" sizes=\"(max-width: 150px) 100vw, 150px\" \/><\/a>\n\t\t\t<\/div><\/figure><figure class='gallery-item'>\n\t\t\t<div class='gallery-icon portrait'>\n\t\t\t\t<a data-elementor-open-lightbox=\"yes\" data-elementor-lightbox-slideshow=\"668f413\" data-elementor-lightbox-title=\"referans-9\" data-e-action-hash=\"#elementor-action%3Aaction%3Dlightbox%26settings%3DeyJpZCI6MjY0NiwidXJsIjoiaHR0cHM6XC9cL2Vya2Fkb29ycy5jb21cL3dwLWNvbnRlbnRcL3VwbG9hZHNcLzIwMjZcLzAyXC9yZWZlcmFucy05LnBuZyIsInNsaWRlc2hvdyI6IjY2OGY0MTMifQ%3D%3D\" href='https:\/\/erkadoors.com\/wp-content\/uploads\/2026\/02\/referans-9.png'><img loading=\"lazy\" decoding=\"async\" width=\"150\" height=\"150\" src=\"https:\/\/erkadoors.com\/wp-content\/uploads\/2026\/02\/referans-9-150x150.png\" class=\"attachment-thumbnail size-thumbnail\" alt=\"\" srcset=\"https:\/\/erkadoors.com\/wp-content\/uploads\/2026\/02\/referans-9-150x150.png 150w, https:\/\/erkadoors.com\/wp-content\/uploads\/2026\/02\/referans-9-12x12.png 12w\" sizes=\"(max-width: 150px) 100vw, 150px\" \/><\/a>\n\t\t\t<\/div><\/figure><figure class='gallery-item'>\n\t\t\t<div class='gallery-icon portrait'>\n\t\t\t\t<a data-elementor-open-lightbox=\"yes\" data-elementor-lightbox-slideshow=\"668f413\" data-elementor-lightbox-title=\"referans-4\" data-e-action-hash=\"#elementor-action%3Aaction%3Dlightbox%26settings%3DeyJpZCI6MjYzOCwidXJsIjoiaHR0cHM6XC9cL2Vya2Fkb29ycy5jb21cL3dwLWNvbnRlbnRcL3VwbG9hZHNcLzIwMjZcLzAyXC9yZWZlcmFucy00LTEucG5nIiwic2xpZGVzaG93IjoiNjY4ZjQxMyJ9\" href='https:\/\/erkadoors.com\/wp-content\/uploads\/2026\/02\/referans-4-1.png'><img loading=\"lazy\" decoding=\"async\" width=\"150\" height=\"150\" src=\"https:\/\/erkadoors.com\/wp-content\/uploads\/2026\/02\/referans-4-1-150x150.png\" class=\"attachment-thumbnail size-thumbnail\" alt=\"\" srcset=\"https:\/\/erkadoors.com\/wp-content\/uploads\/2026\/02\/referans-4-1-150x150.png 150w, https:\/\/erkadoors.com\/wp-content\/uploads\/2026\/02\/referans-4-1-12x12.png 12w\" sizes=\"(max-width: 150px) 100vw, 150px\" \/><\/a>\n\t\t\t<\/div><\/figure><figure class='gallery-item'>\n\t\t\t<div class='gallery-icon portrait'>\n\t\t\t\t<a data-elementor-open-lightbox=\"yes\" data-elementor-lightbox-slideshow=\"668f413\" data-elementor-lightbox-title=\"referans-5\" data-e-action-hash=\"#elementor-action%3Aaction%3Dlightbox%26settings%3DeyJpZCI6MjYzOSwidXJsIjoiaHR0cHM6XC9cL2Vya2Fkb29ycy5jb21cL3dwLWNvbnRlbnRcL3VwbG9hZHNcLzIwMjZcLzAyXC9yZWZlcmFucy01LnBuZyIsInNsaWRlc2hvdyI6IjY2OGY0MTMifQ%3D%3D\" href='https:\/\/erkadoors.com\/wp-content\/uploads\/2026\/02\/referans-5.png'><img loading=\"lazy\" decoding=\"async\" width=\"150\" height=\"150\" src=\"https:\/\/erkadoors.com\/wp-content\/uploads\/2026\/02\/referans-5-150x150.png\" class=\"attachment-thumbnail size-thumbnail\" alt=\"\" srcset=\"https:\/\/erkadoors.com\/wp-content\/uploads\/2026\/02\/referans-5-150x150.png 150w, https:\/\/erkadoors.com\/wp-content\/uploads\/2026\/02\/referans-5-12x12.png 12w\" sizes=\"(max-width: 150px) 100vw, 150px\" \/><\/a>\n\t\t\t<\/div><\/figure><figure class='gallery-item'>\n\t\t\t<div class='gallery-icon portrait'>\n\t\t\t\t<a data-elementor-open-lightbox=\"yes\" data-elementor-lightbox-slideshow=\"668f413\" data-elementor-lightbox-title=\"referans-8\" data-e-action-hash=\"#elementor-action%3Aaction%3Dlightbox%26settings%3DeyJpZCI6MjY0MiwidXJsIjoiaHR0cHM6XC9cL2Vya2Fkb29ycy5jb21cL3dwLWNvbnRlbnRcL3VwbG9hZHNcLzIwMjZcLzAyXC9yZWZlcmFucy04LnBuZyIsInNsaWRlc2hvdyI6IjY2OGY0MTMifQ%3D%3D\" href='https:\/\/erkadoors.com\/wp-content\/uploads\/2026\/02\/referans-8.png'><img loading=\"lazy\" decoding=\"async\" width=\"150\" height=\"150\" src=\"https:\/\/erkadoors.com\/wp-content\/uploads\/2026\/02\/referans-8-150x150.png\" class=\"attachment-thumbnail size-thumbnail\" alt=\"\" srcset=\"https:\/\/erkadoors.com\/wp-content\/uploads\/2026\/02\/referans-8-150x150.png 150w, https:\/\/erkadoors.com\/wp-content\/uploads\/2026\/02\/referans-8-12x12.png 12w\" sizes=\"(max-width: 150px) 100vw, 150px\" \/><\/a>\n\t\t\t<\/div><\/figure><figure class='gallery-item'>\n\t\t\t<div class='gallery-icon portrait'>\n\t\t\t\t<a data-elementor-open-lightbox=\"yes\" data-elementor-lightbox-slideshow=\"668f413\" data-elementor-lightbox-title=\"referans-7\" data-e-action-hash=\"#elementor-action%3Aaction%3Dlightbox%26settings%3DeyJpZCI6MjY0MSwidXJsIjoiaHR0cHM6XC9cL2Vya2Fkb29ycy5jb21cL3dwLWNvbnRlbnRcL3VwbG9hZHNcLzIwMjZcLzAyXC9yZWZlcmFucy03LnBuZyIsInNsaWRlc2hvdyI6IjY2OGY0MTMifQ%3D%3D\" href='https:\/\/erkadoors.com\/wp-content\/uploads\/2026\/02\/referans-7.png'><img loading=\"lazy\" decoding=\"async\" width=\"150\" height=\"150\" src=\"https:\/\/erkadoors.com\/wp-content\/uploads\/2026\/02\/referans-7-150x150.png\" class=\"attachment-thumbnail size-thumbnail\" alt=\"\" srcset=\"https:\/\/erkadoors.com\/wp-content\/uploads\/2026\/02\/referans-7-150x150.png 150w, https:\/\/erkadoors.com\/wp-content\/uploads\/2026\/02\/referans-7-12x12.png 12w\" sizes=\"(max-width: 150px) 100vw, 150px\" \/><\/a>\n\t\t\t<\/div><\/figure><figure class='gallery-item'>\n\t\t\t<div class='gallery-icon portrait'>\n\t\t\t\t<a data-elementor-open-lightbox=\"yes\" data-elementor-lightbox-slideshow=\"668f413\" data-elementor-lightbox-title=\"referans-6\" data-e-action-hash=\"#elementor-action%3Aaction%3Dlightbox%26settings%3DeyJpZCI6MjY0MCwidXJsIjoiaHR0cHM6XC9cL2Vya2Fkb29ycy5jb21cL3dwLWNvbnRlbnRcL3VwbG9hZHNcLzIwMjZcLzAyXC9yZWZlcmFucy02LnBuZyIsInNsaWRlc2hvdyI6IjY2OGY0MTMifQ%3D%3D\" href='https:\/\/erkadoors.com\/wp-content\/uploads\/2026\/02\/referans-6.png'><img loading=\"lazy\" decoding=\"async\" width=\"150\" height=\"150\" src=\"https:\/\/erkadoors.com\/wp-content\/uploads\/2026\/02\/referans-6-150x150.png\" class=\"attachment-thumbnail size-thumbnail\" alt=\"\" srcset=\"https:\/\/erkadoors.com\/wp-content\/uploads\/2026\/02\/referans-6-150x150.png 150w, https:\/\/erkadoors.com\/wp-content\/uploads\/2026\/02\/referans-6-12x12.png 12w\" sizes=\"(max-width: 150px) 100vw, 150px\" \/><\/a>\n\t\t\t<\/div><\/figure><figure class='gallery-item'>\n\t\t\t<div class='gallery-icon portrait'>\n\t\t\t\t<a data-elementor-open-lightbox=\"yes\" data-elementor-lightbox-slideshow=\"668f413\" data-elementor-lightbox-title=\"referans-1\" data-e-action-hash=\"#elementor-action%3Aaction%3Dlightbox%26settings%3DeyJpZCI6MjYzNSwidXJsIjoiaHR0cHM6XC9cL2Vya2Fkb29ycy5jb21cL3dwLWNvbnRlbnRcL3VwbG9hZHNcLzIwMjZcLzAyXC9yZWZlcmFucy0xLTEucG5nIiwic2xpZGVzaG93IjoiNjY4ZjQxMyJ9\" href='https:\/\/erkadoors.com\/wp-content\/uploads\/2026\/02\/referans-1-1.png'><img loading=\"lazy\" decoding=\"async\" width=\"150\" height=\"150\" src=\"https:\/\/erkadoors.com\/wp-content\/uploads\/2026\/02\/referans-1-1-150x150.png\" class=\"attachment-thumbnail size-thumbnail\" alt=\"\" srcset=\"https:\/\/erkadoors.com\/wp-content\/uploads\/2026\/02\/referans-1-1-150x150.png 150w, https:\/\/erkadoors.com\/wp-content\/uploads\/2026\/02\/referans-1-1-12x12.png 12w\" sizes=\"(max-width: 150px) 100vw, 150px\" \/><\/a>\n\t\t\t<\/div><\/figure><figure class='gallery-item'>\n\t\t\t<div class='gallery-icon portrait'>\n\t\t\t\t<a data-elementor-open-lightbox=\"yes\" data-elementor-lightbox-slideshow=\"668f413\" data-elementor-lightbox-title=\"referans-3\" data-e-action-hash=\"#elementor-action%3Aaction%3Dlightbox%26settings%3DeyJpZCI6MjYzNywidXJsIjoiaHR0cHM6XC9cL2Vya2Fkb29ycy5jb21cL3dwLWNvbnRlbnRcL3VwbG9hZHNcLzIwMjZcLzAyXC9yZWZlcmFucy0zLTEucG5nIiwic2xpZGVzaG93IjoiNjY4ZjQxMyJ9\" href='https:\/\/erkadoors.com\/wp-content\/uploads\/2026\/02\/referans-3-1.png'><img loading=\"lazy\" decoding=\"async\" width=\"150\" height=\"150\" src=\"https:\/\/erkadoors.com\/wp-content\/uploads\/2026\/02\/referans-3-1-150x150.png\" class=\"attachment-thumbnail size-thumbnail\" alt=\"\" srcset=\"https:\/\/erkadoors.com\/wp-content\/uploads\/2026\/02\/referans-3-1-150x150.png 150w, https:\/\/erkadoors.com\/wp-content\/uploads\/2026\/02\/referans-3-1-12x12.png 12w\" sizes=\"(max-width: 150px) 100vw, 150px\" \/><\/a>\n\t\t\t<\/div><\/figure><figure class='gallery-item'>\n\t\t\t<div class='gallery-icon portrait'>\n\t\t\t\t<a data-elementor-open-lightbox=\"yes\" data-elementor-lightbox-slideshow=\"668f413\" data-elementor-lightbox-title=\"referans-2\" data-e-action-hash=\"#elementor-action%3Aaction%3Dlightbox%26settings%3DeyJpZCI6MjYzNiwidXJsIjoiaHR0cHM6XC9cL2Vya2Fkb29ycy5jb21cL3dwLWNvbnRlbnRcL3VwbG9hZHNcLzIwMjZcLzAyXC9yZWZlcmFucy0yLTEucG5nIiwic2xpZGVzaG93IjoiNjY4ZjQxMyJ9\" href='https:\/\/erkadoors.com\/wp-content\/uploads\/2026\/02\/referans-2-1.png'><img loading=\"lazy\" decoding=\"async\" width=\"150\" height=\"150\" src=\"https:\/\/erkadoors.com\/wp-content\/uploads\/2026\/02\/referans-2-1-150x150.png\" class=\"attachment-thumbnail size-thumbnail\" alt=\"\" srcset=\"https:\/\/erkadoors.com\/wp-content\/uploads\/2026\/02\/referans-2-1-150x150.png 150w, https:\/\/erkadoors.com\/wp-content\/uploads\/2026\/02\/referans-2-1-12x12.png 12w\" sizes=\"(max-width: 150px) 100vw, 150px\" \/><\/a>\n\t\t\t<\/div><\/figure>\n\t\t<\/div>\n\t\t<\/div>\n\t\t\t\t\t\t<\/div>\n\t\t\t\t\t<\/div>\n\t\t\t\t<\/div>\n\t\t<div class=\"elementor-element elementor-element-f89abe0 e-flex e-con-boxed e-con e-parent\" data-id=\"f89abe0\" data-element_type=\"container\" data-e-type=\"container\">\n\t\t\t\t\t<div class=\"e-con-inner\">\n\t\t\t\t<div class=\"elementor-element elementor-element-fcb5aed elementor-widget elementor-widget-spacer\" data-id=\"fcb5aed\" data-element_type=\"widget\" data-e-type=\"widget\" data-widget_type=\"spacer.default\">\n\t\t\t\t\t\t\t<div class=\"elementor-spacer\">\n\t\t\t<div class=\"elementor-spacer-inner\"><\/div>\n\t\t<\/div>\n\t\t\t\t\t\t<\/div>\n\t\t\t\t\t<\/div>\n\t\t\t\t<\/div>\n\t\t\t\t<\/div>","protected":false},"excerpt":{"rendered":"<p>1999\u2019dan bu yana T\u00fcrkiye\u2019nin \u00f6nde gelen kurum ve projelerine otomatik kap\u0131 ve ge\u00e7i\u015f kontrol \u00e7\u00f6z\u00fcmleri sunuyoruz. G\u00fcven, kalite ve s\u00fcrd\u00fcr\u00fclebilir performans odakl\u0131 yakla\u015f\u0131m\u0131m\u0131zla hayata ge\u00e7irdi\u011fimiz se\u00e7ili referanslar\u0131m\u0131z\u0131 a\u015fa\u011f\u0131da inceleyebilirsiniz. Daha fazla referans ve detayl\u0131 bilgi i\u00e7in bizimle ileti\u015fime ge\u00e7ebilirsiniz.<\/p>","protected":false},"author":1,"featured_media":0,"parent":0,"menu_order":0,"comment_status":"closed","ping_status":"closed","template":"elementor_header_footer","meta":{"footnotes":""},"class_list":["post-544","page","type-page","status-publish","hentry"],"_links":{"self":[{"href":"https:\/\/erkadoors.com\/en\/wp-json\/wp\/v2\/pages\/544","targetHints":{"allow":["GET"]}}],"collection":[{"href":"https:\/\/erkadoors.com\/en\/wp-json\/wp\/v2\/pages"}],"about":[{"href":"https:\/\/erkadoors.com\/en\/wp-json\/wp\/v2\/types\/page"}],"author":[{"embeddable":true,"href":"https:\/\/erkadoors.com\/en\/wp-json\/wp\/v2\/users\/1"}],"replies":[{"embeddable":true,"href":"https:\/\/erkadoors.com\/en\/wp-json\/wp\/v2\/comments?post=544"}],"version-history":[{"count":43,"href":"https:\/\/erkadoors.com\/en\/wp-json\/wp\/v2\/pages\/544\/revisions"}],"predecessor-version":[{"id":4179,"href":"https:\/\/erkadoors.com\/en\/wp-json\/wp\/v2\/pages\/544\/revisions\/4179"}],"wp:attachment":[{"href":"https:\/\/erkadoors.com\/en\/wp-json\/wp\/v2\/media?parent=544"}],"curies":[{"name":"wp","href":"https:\/\/api.w.org\/{rel}","templated":true}]}}