{"id":558,"date":"2024-10-06T08:03:35","date_gmt":"2024-10-06T08:03:35","guid":{"rendered":"https:\/\/wp.rrdevs.net\/artima\/?page_id=558"},"modified":"2026-04-14T10:56:10","modified_gmt":"2026-04-14T07:56:10","slug":"team-details","status":"publish","type":"page","link":"https:\/\/erkadoors.com\/en\/team-details\/","title":{"rendered":"Belgelerimiz"},"content":{"rendered":"<div data-elementor-type=\"wp-page\" data-elementor-id=\"558\" class=\"elementor elementor-558\">\n\t\t\t\t<div class=\"elementor-element elementor-element-62a9b8c e-flex e-con-boxed e-con e-parent\" data-id=\"62a9b8c\" data-element_type=\"container\" data-e-type=\"container\">\n\t\t\t\t\t<div class=\"e-con-inner\">\n\t\t\t\t<div class=\"elementor-element elementor-element-3e4431e elementor-widget elementor-widget-spacer\" data-id=\"3e4431e\" data-element_type=\"widget\" data-e-type=\"widget\" data-widget_type=\"spacer.default\">\n\t\t\t\t\t\t\t<div class=\"elementor-spacer\">\n\t\t\t<div class=\"elementor-spacer-inner\"><\/div>\n\t\t<\/div>\n\t\t\t\t\t\t<\/div>\n\t\t\t\t\t<\/div>\n\t\t\t\t<\/div>\n\t\t<div class=\"elementor-element elementor-element-309a640 e-flex e-con-boxed e-con e-parent\" data-id=\"309a640\" data-element_type=\"container\" data-e-type=\"container\">\n\t\t\t\t\t<div class=\"e-con-inner\">\n\t\t\t\t<div class=\"elementor-element elementor-element-dc2ba16 elementor-widget elementor-widget-heading\" data-id=\"dc2ba16\" data-element_type=\"widget\" data-e-type=\"widget\" data-widget_type=\"heading.default\">\n\t\t\t\t\t<h2 class=\"elementor-heading-title elementor-size-default\">Belgelerimiz ve Sertifikalar\u0131m\u0131z<\/h2>\t\t\t\t<\/div>\n\t\t\t\t<div class=\"elementor-element elementor-element-0d6f0be elementor-widget elementor-widget-text-editor\" data-id=\"0d6f0be\" data-element_type=\"widget\" data-e-type=\"widget\" data-widget_type=\"text-editor.default\">\n\t\t\t\t\t\t\t\t\t<p><strong>Erka Doors olarak kalite, g\u00fcvenlik ve uluslararas\u0131 standartlara uygunluk prensipleriyle \u00e7al\u0131\u015f\u0131yoruz. Sahip oldu\u011fumuz sertifika ve yetkinlik belgeleri; m\u00fchendislik g\u00fcc\u00fcm\u00fcz\u00fcn, teknik uzmanl\u0131\u011f\u0131m\u0131z\u0131n ve sekt\u00f6rdeki g\u00fcvenilir konumumuzun en somut g\u00f6stergesidir. T\u00fcm projelerimizde belgelenmi\u015f kalite anlay\u0131\u015f\u0131m\u0131zla hizmet sunmaya devam ediyoruz.<\/strong><\/p>\t\t\t\t\t\t\t\t<\/div>\n\t\t\t\t\t<\/div>\n\t\t\t\t<\/div>\n\t\t<div class=\"elementor-element elementor-element-9a7ae5a e-con-full e-flex e-con e-parent\" data-id=\"9a7ae5a\" data-element_type=\"container\" data-e-type=\"container\">\n\t\t\t\t<div class=\"elementor-element elementor-element-ee1eff7 elementor-widget elementor-widget-spacer\" data-id=\"ee1eff7\" data-element_type=\"widget\" data-e-type=\"widget\" data-widget_type=\"spacer.default\">\n\t\t\t\t\t\t\t<div class=\"elementor-spacer\">\n\t\t\t<div class=\"elementor-spacer-inner\"><\/div>\n\t\t<\/div>\n\t\t\t\t\t\t<\/div>\n\t\t\t\t<\/div>\n\t\t<div class=\"elementor-element elementor-element-3fdc88c e-grid e-con-boxed e-con e-parent\" data-id=\"3fdc88c\" data-element_type=\"container\" data-e-type=\"container\">\n\t\t\t\t\t<div class=\"e-con-inner\">\n\t\t\t\t<div class=\"elementor-element elementor-element-fae9d30 elementor-widget elementor-widget-image\" data-id=\"fae9d30\" data-element_type=\"widget\" data-e-type=\"widget\" data-widget_type=\"image.default\">\n\t\t\t\t\t\t\t\t\t\t\t\t\t\t\t<img fetchpriority=\"high\" decoding=\"async\" width=\"640\" height=\"905\" src=\"https:\/\/erkadoors.com\/wp-content\/uploads\/2026\/02\/son-724x1024.jpg\" class=\"attachment-large size-large wp-image-2786\" alt=\"\" srcset=\"https:\/\/erkadoors.com\/wp-content\/uploads\/2026\/02\/son-724x1024.jpg 724w, https:\/\/erkadoors.com\/wp-content\/uploads\/2026\/02\/son-212x300.jpg 212w, https:\/\/erkadoors.com\/wp-content\/uploads\/2026\/02\/son-768x1086.jpg 768w, https:\/\/erkadoors.com\/wp-content\/uploads\/2026\/02\/son-1087x1536.jpg 1087w, https:\/\/erkadoors.com\/wp-content\/uploads\/2026\/02\/son-8x12.jpg 8w, https:\/\/erkadoors.com\/wp-content\/uploads\/2026\/02\/son.jpg 1240w\" sizes=\"(max-width: 640px) 100vw, 640px\" \/>\t\t\t\t\t\t\t\t\t\t\t\t\t\t\t<\/div>\n\t\t\t\t<div class=\"elementor-element elementor-element-fd6ca70 elementor-widget elementor-widget-image\" data-id=\"fd6ca70\" data-element_type=\"widget\" data-e-type=\"widget\" data-widget_type=\"image.default\">\n\t\t\t\t\t\t\t\t\t\t\t\t\t\t\t<img decoding=\"async\" width=\"640\" height=\"453\" src=\"https:\/\/erkadoors.com\/wp-content\/uploads\/2026\/02\/1-1024x724.jpg\" class=\"attachment-large size-large wp-image-2766\" alt=\"\" srcset=\"https:\/\/erkadoors.com\/wp-content\/uploads\/2026\/02\/1-1024x724.jpg 1024w, https:\/\/erkadoors.com\/wp-content\/uploads\/2026\/02\/1-300x212.jpg 300w, https:\/\/erkadoors.com\/wp-content\/uploads\/2026\/02\/1-768x543.jpg 768w, https:\/\/erkadoors.com\/wp-content\/uploads\/2026\/02\/1-1536x1086.jpg 1536w, https:\/\/erkadoors.com\/wp-content\/uploads\/2026\/02\/1-18x12.jpg 18w, https:\/\/erkadoors.com\/wp-content\/uploads\/2026\/02\/1.jpg 1920w\" sizes=\"(max-width: 640px) 100vw, 640px\" \/>\t\t\t\t\t\t\t\t\t\t\t\t\t\t\t<\/div>\n\t\t\t\t<div class=\"elementor-element elementor-element-39f9d19 elementor-widget elementor-widget-image\" data-id=\"39f9d19\" data-element_type=\"widget\" data-e-type=\"widget\" data-widget_type=\"image.default\">\n\t\t\t\t\t\t\t\t\t\t\t\t\t\t\t<img decoding=\"async\" width=\"640\" height=\"445\" src=\"https:\/\/erkadoors.com\/wp-content\/uploads\/2026\/04\/WhatsApp-Image-2026-04-14-at-10.55.26-1024x712.jpeg\" class=\"attachment-large size-large wp-image-4039\" alt=\"\" srcset=\"https:\/\/erkadoors.com\/wp-content\/uploads\/2026\/04\/WhatsApp-Image-2026-04-14-at-10.55.26-1024x712.jpeg 1024w, https:\/\/erkadoors.com\/wp-content\/uploads\/2026\/04\/WhatsApp-Image-2026-04-14-at-10.55.26-300x209.jpeg 300w, https:\/\/erkadoors.com\/wp-content\/uploads\/2026\/04\/WhatsApp-Image-2026-04-14-at-10.55.26-768x534.jpeg 768w, https:\/\/erkadoors.com\/wp-content\/uploads\/2026\/04\/WhatsApp-Image-2026-04-14-at-10.55.26-1536x1068.jpeg 1536w, https:\/\/erkadoors.com\/wp-content\/uploads\/2026\/04\/WhatsApp-Image-2026-04-14-at-10.55.26-18x12.jpeg 18w, https:\/\/erkadoors.com\/wp-content\/uploads\/2026\/04\/WhatsApp-Image-2026-04-14-at-10.55.26.jpeg 1571w\" sizes=\"(max-width: 640px) 100vw, 640px\" \/>\t\t\t\t\t\t\t\t\t\t\t\t\t\t\t<\/div>\n\t\t\t\t\t<\/div>\n\t\t\t\t<\/div>\n\t\t\t\t<\/div>","protected":false},"excerpt":{"rendered":"<p>Belgelerimiz ve Sertifikalar\u0131m\u0131z Erka Doors olarak kalite, g\u00fcvenlik ve uluslararas\u0131 standartlara uygunluk prensipleriyle \u00e7al\u0131\u015f\u0131yoruz. Sahip oldu\u011fumuz sertifika ve yetkinlik belgeleri; m\u00fchendislik g\u00fcc\u00fcm\u00fcz\u00fcn, teknik uzmanl\u0131\u011f\u0131m\u0131z\u0131n ve sekt\u00f6rdeki g\u00fcvenilir konumumuzun en somut g\u00f6stergesidir. T\u00fcm projelerimizde belgelenmi\u015f kalite anlay\u0131\u015f\u0131m\u0131zla hizmet sunmaya devam ediyoruz.<\/p>","protected":false},"author":1,"featured_media":0,"parent":0,"menu_order":0,"comment_status":"closed","ping_status":"closed","template":"elementor_header_footer","meta":{"footnotes":""},"class_list":["post-558","page","type-page","status-publish","hentry"],"_links":{"self":[{"href":"https:\/\/erkadoors.com\/en\/wp-json\/wp\/v2\/pages\/558","targetHints":{"allow":["GET"]}}],"collection":[{"href":"https:\/\/erkadoors.com\/en\/wp-json\/wp\/v2\/pages"}],"about":[{"href":"https:\/\/erkadoors.com\/en\/wp-json\/wp\/v2\/types\/page"}],"author":[{"embeddable":true,"href":"https:\/\/erkadoors.com\/en\/wp-json\/wp\/v2\/users\/1"}],"replies":[{"embeddable":true,"href":"https:\/\/erkadoors.com\/en\/wp-json\/wp\/v2\/comments?post=558"}],"version-history":[{"count":42,"href":"https:\/\/erkadoors.com\/en\/wp-json\/wp\/v2\/pages\/558\/revisions"}],"predecessor-version":[{"id":4042,"href":"https:\/\/erkadoors.com\/en\/wp-json\/wp\/v2\/pages\/558\/revisions\/4042"}],"wp:attachment":[{"href":"https:\/\/erkadoors.com\/en\/wp-json\/wp\/v2\/media?parent=558"}],"curies":[{"name":"wp","href":"https:\/\/api.w.org\/{rel}","templated":true}]}}