{"id":602,"date":"2024-10-06T08:22:10","date_gmt":"2024-10-06T08:22:10","guid":{"rendered":"https:\/\/wp.rrdevs.net\/artima\/?page_id=602"},"modified":"2026-04-09T11:52:02","modified_gmt":"2026-04-09T08:52:02","slug":"iletisim","status":"publish","type":"page","link":"https:\/\/erkadoors.com\/en\/iletisim\/","title":{"rendered":"\u0130leti\u015fim"},"content":{"rendered":"<div data-elementor-type=\"wp-page\" data-elementor-id=\"602\" class=\"elementor elementor-602\">\n\t\t\t\t<div class=\"elementor-element elementor-element-c74c76a e-flex e-con-boxed e-con e-parent\" data-id=\"c74c76a\" data-element_type=\"container\" data-e-type=\"container\">\n\t\t\t\t\t<div class=\"e-con-inner\">\n\t\t<div class=\"elementor-element elementor-element-892d38a e-con-full e-flex e-con e-child\" data-id=\"892d38a\" data-element_type=\"container\" data-e-type=\"container\">\n\t\t<div class=\"elementor-element elementor-element-5150f3b e-con-full e-flex e-con e-child\" data-id=\"5150f3b\" data-element_type=\"container\" data-e-type=\"container\">\n\t\t\t\t<div class=\"elementor-element elementor-element-79fe0e6 elementor-position-top elementor-widget elementor-widget-image-box\" data-id=\"79fe0e6\" data-element_type=\"widget\" data-e-type=\"widget\" data-widget_type=\"image-box.default\">\n\t\t\t\t\t<div class=\"elementor-image-box-wrapper\"><figure class=\"elementor-image-box-img\"><img fetchpriority=\"high\" decoding=\"async\" width=\"512\" height=\"512\" src=\"https:\/\/erkadoors.com\/wp-content\/uploads\/2026\/02\/location_3343013.png\" class=\"attachment-full size-full wp-image-2600\" alt=\"\" srcset=\"https:\/\/erkadoors.com\/wp-content\/uploads\/2026\/02\/location_3343013.png 512w, https:\/\/erkadoors.com\/wp-content\/uploads\/2026\/02\/location_3343013-300x300.png 300w, https:\/\/erkadoors.com\/wp-content\/uploads\/2026\/02\/location_3343013-150x150.png 150w, https:\/\/erkadoors.com\/wp-content\/uploads\/2026\/02\/location_3343013-12x12.png 12w\" sizes=\"(max-width: 512px) 100vw, 512px\" \/><\/figure><div class=\"elementor-image-box-content\"><h2 class=\"elementor-image-box-title\">Merkez Ofis<\/h2><\/div><\/div>\t\t\t\t<\/div>\n\t\t\t\t<div class=\"elementor-element elementor-element-8d9a579 elementor-align-center elementor-icon-list--layout-traditional elementor-list-item-link-full_width elementor-widget elementor-widget-icon-list\" data-id=\"8d9a579\" data-element_type=\"widget\" data-e-type=\"widget\" data-widget_type=\"icon-list.default\">\n\t\t\t\t\t\t\t<ul class=\"elementor-icon-list-items\">\n\t\t\t\t\t\t\t<li class=\"elementor-icon-list-item\">\n\t\t\t\t\t\t\t\t\t\t\t<a href=\"#\">\n\n\t\t\t\t\t\t\t\t\t\t\t<span class=\"elementor-icon-list-text\">Terraki Caddesi Karacao\u011flan Sokak No:7\/1 Bak\u0131rk\u00f6y \/ \u0130stanbul<\/span>\n\t\t\t\t\t\t\t\t\t\t\t<\/a>\n\t\t\t\t\t\t\t\t\t<\/li>\n\t\t\t\t\t\t<\/ul>\n\t\t\t\t\t\t<\/div>\n\t\t\t\t<\/div>\n\t\t<div class=\"elementor-element elementor-element-2c50ca2 e-con-full e-flex e-con e-child\" data-id=\"2c50ca2\" data-element_type=\"container\" data-e-type=\"container\">\n\t\t\t\t<div class=\"elementor-element elementor-element-ac4a864 elementor-position-top elementor-widget elementor-widget-image-box\" data-id=\"ac4a864\" data-element_type=\"widget\" data-e-type=\"widget\" data-widget_type=\"image-box.default\">\n\t\t\t\t\t<div class=\"elementor-image-box-wrapper\"><figure class=\"elementor-image-box-img\"><img decoding=\"async\" width=\"512\" height=\"512\" src=\"https:\/\/erkadoors.com\/wp-content\/uploads\/2026\/02\/right-align_12289234.png\" class=\"attachment-full size-full wp-image-2588\" alt=\"\" srcset=\"https:\/\/erkadoors.com\/wp-content\/uploads\/2026\/02\/right-align_12289234.png 512w, https:\/\/erkadoors.com\/wp-content\/uploads\/2026\/02\/right-align_12289234-300x300.png 300w, https:\/\/erkadoors.com\/wp-content\/uploads\/2026\/02\/right-align_12289234-150x150.png 150w, https:\/\/erkadoors.com\/wp-content\/uploads\/2026\/02\/right-align_12289234-12x12.png 12w\" sizes=\"(max-width: 512px) 100vw, 512px\" \/><\/figure><div class=\"elementor-image-box-content\"><h2 class=\"elementor-image-box-title\">E-Posta Adreslerimiz<\/h2><\/div><\/div>\t\t\t\t<\/div>\n\t\t\t\t<div class=\"elementor-element elementor-element-c89ea8d elementor-align-center elementor-icon-list--layout-traditional elementor-list-item-link-full_width elementor-widget elementor-widget-icon-list\" data-id=\"c89ea8d\" data-element_type=\"widget\" data-e-type=\"widget\" data-widget_type=\"icon-list.default\">\n\t\t\t\t\t\t\t<ul class=\"elementor-icon-list-items\">\n\t\t\t\t\t\t\t<li class=\"elementor-icon-list-item\">\n\t\t\t\t\t\t\t\t\t\t\t<a href=\"http:\/\/erka@erkadoors.com%20%20\">\n\n\t\t\t\t\t\t\t\t\t\t\t<span class=\"elementor-icon-list-text\">erka@erkadoors.com  <\/span>\n\t\t\t\t\t\t\t\t\t\t\t<\/a>\n\t\t\t\t\t\t\t\t\t<\/li>\n\t\t\t\t\t\t\t\t<li class=\"elementor-icon-list-item\">\n\t\t\t\t\t\t\t\t\t\t\t<a href=\"http:\/\/info@erkadoors.com\/en\/\">\n\n\t\t\t\t\t\t\t\t\t\t\t<span class=\"elementor-icon-list-text\">info@erkadoors.com<\/span>\n\t\t\t\t\t\t\t\t\t\t\t<\/a>\n\t\t\t\t\t\t\t\t\t<\/li>\n\t\t\t\t\t\t<\/ul>\n\t\t\t\t\t\t<\/div>\n\t\t\t\t<\/div>\n\t\t<div class=\"elementor-element elementor-element-169ac57 e-con-full e-flex e-con e-child\" data-id=\"169ac57\" data-element_type=\"container\" data-e-type=\"container\">\n\t\t\t\t<div class=\"elementor-element elementor-element-b4df2f1 elementor-position-top elementor-widget elementor-widget-image-box\" data-id=\"b4df2f1\" data-element_type=\"widget\" data-e-type=\"widget\" data-widget_type=\"image-box.default\">\n\t\t\t\t\t<div class=\"elementor-image-box-wrapper\"><figure class=\"elementor-image-box-img\"><img decoding=\"async\" width=\"512\" height=\"512\" src=\"https:\/\/erkadoors.com\/wp-content\/uploads\/2026\/02\/headphone_9870334.png\" class=\"attachment-full size-full wp-image-2443\" alt=\"\" srcset=\"https:\/\/erkadoors.com\/wp-content\/uploads\/2026\/02\/headphone_9870334.png 512w, https:\/\/erkadoors.com\/wp-content\/uploads\/2026\/02\/headphone_9870334-300x300.png 300w, https:\/\/erkadoors.com\/wp-content\/uploads\/2026\/02\/headphone_9870334-150x150.png 150w\" sizes=\"(max-width: 512px) 100vw, 512px\" \/><\/figure><div class=\"elementor-image-box-content\"><h2 class=\"elementor-image-box-title\">Telefon ve Destek Hatt\u0131<\/h2><\/div><\/div>\t\t\t\t<\/div>\n\t\t\t\t<div class=\"elementor-element elementor-element-1d400dc elementor-align-center elementor-icon-list--layout-traditional elementor-list-item-link-full_width elementor-widget elementor-widget-icon-list\" data-id=\"1d400dc\" data-element_type=\"widget\" data-e-type=\"widget\" data-widget_type=\"icon-list.default\">\n\t\t\t\t\t\t\t<ul class=\"elementor-icon-list-items\">\n\t\t\t\t\t\t\t<li class=\"elementor-icon-list-item\">\n\t\t\t\t\t\t\t\t\t\t\t<a href=\"#\">\n\n\t\t\t\t\t\t\t\t\t\t\t<span class=\"elementor-icon-list-text\">Direk Sat\u0131\u015f: 0212 660 07 43<\/span>\n\t\t\t\t\t\t\t\t\t\t\t<\/a>\n\t\t\t\t\t\t\t\t\t<\/li>\n\t\t\t\t\t\t\t\t<li class=\"elementor-icon-list-item\">\n\t\t\t\t\t\t\t\t\t\t<span class=\"elementor-icon-list-text\">Cep Tel: 0533 477 37 52<\/span>\n\t\t\t\t\t\t\t\t\t<\/li>\n\t\t\t\t\t\t\t\t<li class=\"elementor-icon-list-item\">\n\t\t\t\t\t\t\t\t\t\t<span class=\"elementor-icon-list-text\">Santral: 0212 660 40 74<\/span>\n\t\t\t\t\t\t\t\t\t<\/li>\n\t\t\t\t\t\t\t\t<li class=\"elementor-icon-list-item\">\n\t\t\t\t\t\t\t\t\t\t<span class=\"elementor-icon-list-text\">Fax: 0212 542 07 36<\/span>\n\t\t\t\t\t\t\t\t\t<\/li>\n\t\t\t\t\t\t\t\t<li class=\"elementor-icon-list-item\">\n\t\t\t\t\t\t\t\t\t\t<span class=\"elementor-icon-list-text\">Sat\u0131\u015f Destek: 02126604074<\/span>\n\t\t\t\t\t\t\t\t\t<\/li>\n\t\t\t\t\t\t\t\t<li class=\"elementor-icon-list-item\">\n\t\t\t\t\t\t\t\t\t\t<span class=\"elementor-icon-list-text\">Sat\u0131\u015f Destek: 0533477 ERKA<\/span>\n\t\t\t\t\t\t\t\t\t<\/li>\n\t\t\t\t\t\t<\/ul>\n\t\t\t\t\t\t<\/div>\n\t\t\t\t<\/div>\n\t\t\t\t<\/div>\n\t\t\t\t\t<\/div>\n\t\t\t\t<\/div>\n\t\t<div class=\"elementor-element elementor-element-e39ba37 e-flex e-con-boxed e-con e-parent\" data-id=\"e39ba37\" data-element_type=\"container\" data-e-type=\"container\">\n\t\t\t\t\t<div class=\"e-con-inner\">\n\t\t<div class=\"elementor-element elementor-element-0f757ac e-con-full e-flex e-con e-child\" data-id=\"0f757ac\" data-element_type=\"container\" data-e-type=\"container\">\n\t\t\t\t<div class=\"elementor-element elementor-element-6f17d7b elementor-widget elementor-widget-contact-form\" data-id=\"6f17d7b\" data-element_type=\"widget\" data-e-type=\"widget\" data-widget_type=\"contact-form.default\">\n\t\t\t\t<div class=\"elementor-widget-container\">\n\t\t\t\t\t\r\n<div class=\"contact__from rr-el-section\">\r\n    <h2 class=\"title-animation mb-10 rr-el-title\">Bizimle \u0130leti\u015fime Ge\u00e7in<\/h2>          <p class=\"rr-el-desc\">Otomatik kap\u0131 ve ge\u00e7i\u015f kontrol sistemleri hakk\u0131nda bilgi almak, fiyat teklifi talep etmek veya teknik destek i\u00e7in formu doldurman\u0131z yeterlidir. Uzman ekibimiz en k\u0131sa s\u00fcrede sizinle ileti\u015fime ge\u00e7ecektir.<\/p>\r\n            \n<div class=\"wpcf7 no-js\" id=\"wpcf7-f607-o1\" lang=\"en-US\" dir=\"ltr\" data-wpcf7-id=\"607\">\n<div class=\"screen-reader-response\"><p role=\"status\" aria-live=\"polite\" aria-atomic=\"true\"><\/p> <ul><\/ul><\/div>\n<form action=\"\/en\/wp-json\/wp\/v2\/pages\/602#wpcf7-f607-o1\" method=\"post\" class=\"wpcf7-form init\" aria-label=\"Contact form\" novalidate=\"novalidate\" data-status=\"init\" data-trp-original-action=\"\/en\/wp-json\/wp\/v2\/pages\/602#wpcf7-f607-o1\">\n<fieldset class=\"hidden-fields-container\"><input type=\"hidden\" name=\"_wpcf7\" value=\"607\" \/><input type=\"hidden\" name=\"_wpcf7_version\" value=\"6.1.5\" \/><input type=\"hidden\" name=\"_wpcf7_locale\" value=\"en_US\" \/><input type=\"hidden\" name=\"_wpcf7_unit_tag\" value=\"wpcf7-f607-o1\" \/><input type=\"hidden\" name=\"_wpcf7_container_post\" value=\"0\" \/><input type=\"hidden\" name=\"_wpcf7_posted_data_hash\" value=\"\" \/>\n<\/fieldset>\n<div class=\"row\">\n    <div class=\"col-xl-6\">\n        <div class=\"contact__form-input\">\n            <span class=\"wpcf7-form-control-wrap\" data-name=\"your-name\"><input size=\"40\" maxlength=\"400\" class=\"wpcf7-form-control wpcf7-text\" id=\"lname\" aria-invalid=\"false\" placeholder=\"\u0130sim Soyisim\" value=\"\" type=\"text\" name=\"your-name\" \/><\/span>\n        <\/div>\n    <\/div>\n    <div class=\"col-xl-6\">\n        <div class=\"contact__form-input\">\n            <span class=\"wpcf7-form-control-wrap\" data-name=\"your-email\"><input size=\"40\" maxlength=\"400\" class=\"wpcf7-form-control wpcf7-email wpcf7-text wpcf7-validates-as-email\" id=\"email\" aria-invalid=\"false\" placeholder=\"Email\" value=\"\" type=\"email\" name=\"your-email\" \/><\/span>\n        <\/div>\n    <\/div>\n\n    <div class=\"col-xl-6\">\n        <div class=\"contact__form-input\">\n            <span class=\"wpcf7-form-control-wrap\" data-name=\"your-number\"><input class=\"wpcf7-form-control wpcf7-number wpcf7-validates-as-number\" id=\"number\" aria-invalid=\"false\" placeholder=\"Telefon\" value=\"\" type=\"number\" name=\"your-number\" \/><\/span>\n        <\/div>\n    <\/div>\n\n    <div class=\"col-xl-6\">\n        <div class=\"contact__form-input\">\n            <span class=\"wpcf7-form-control-wrap\" data-name=\"your-subject\"><input size=\"40\" maxlength=\"400\" class=\"wpcf7-form-control wpcf7-text\" id=\"subject\" aria-invalid=\"false\" placeholder=\"Konu\" value=\"\" type=\"text\" name=\"your-subject\" \/><\/span>\n        <\/div>\n    <\/div>\n\n    <div class=\"col-sm-12\">\n        <div class=\"contact__form-input\">\n            <div class=\"validation__wrapper-up position-relative\">\n                <span class=\"wpcf7-form-control-wrap\" data-name=\"your-message\"><textarea cols=\"40\" rows=\"10\" maxlength=\"2000\" class=\"wpcf7-form-control wpcf7-textarea\" id=\"textarea\" aria-invalid=\"false\" placeholder=\"Mesaj\u0131n\u0131z\" name=\"your-message\"><\/textarea><\/span>\n            <\/div>\n        <\/div>\n    <\/div>\n\n    <div class=\"col-12\">\n        <button type=\"G\u00f6nder\" class=\"rr-btn\">\n                <span class=\"btn-wrap\">\n                    <span class=\"text-one\">G\u00f6nder\n                        <svg width=\"12\" height=\"12\" viewbox=\"0 0 12 12\" fill=\"none\" xmlns=\"http:\/\/www.w3.org\/2000\/svg\">\n                        <path d=\"M1 6H11\" stroke=\"white\" stroke-width=\"1.5\" stroke-linecap=\"round\" stroke-linejoin=\"round\"\/>\n                        <path d=\"M6 1L11 6L6 11\" stroke=\"white\" stroke-width=\"1.5\" stroke-linecap=\"round\" stroke-linejoin=\"round\"\/>\n                        <\/svg>\n                    <\/span>\n                    <span class=\"text-two\">Make An Order\n                        <svg width=\"12\" height=\"12\" viewbox=\"0 0 12 12\" fill=\"none\" xmlns=\"http:\/\/www.w3.org\/2000\/svg\">\n                        <path d=\"M1 6H11\" stroke=\"white\" stroke-width=\"1.5\" stroke-linecap=\"round\" stroke-linejoin=\"round\"\/>\n                        <path d=\"M6 1L11 6L6 11\" stroke=\"white\" stroke-width=\"1.5\" stroke-linecap=\"round\" stroke-linejoin=\"round\"\/>\n                        <\/svg>\n                    <\/span>\n                <\/span>\n        <\/button>\n    <\/div>\n<\/div><div class=\"wpcf7-response-output\" aria-hidden=\"true\"><\/div>\n<input type=\"hidden\" name=\"trp-form-language\" value=\"en\"\/><\/form>\n<\/div>\n    <\/div>\r\n\r\n\t\t\t\t<\/div>\n\t\t\t\t<\/div>\n\t\t\t\t<\/div>\n\t\t<div class=\"elementor-element elementor-element-86c3ecd e-con-full e-flex e-con e-child\" data-id=\"86c3ecd\" data-element_type=\"container\" data-e-type=\"container\">\n\t\t\t\t<div class=\"elementor-element elementor-element-003adfc elementor-widget elementor-widget-html\" data-id=\"003adfc\" data-element_type=\"widget\" data-e-type=\"widget\" data-widget_type=\"html.default\">\n\t\t\t\t\t<iframe src=\"https:\/\/www.google.com\/maps\/embed?pb=!1m18!1m12!1m3!1d3011.6370573493227!2d28.87271587524834!3d40.9894276205866!2m3!1f0!2f0!3f0!3m2!1i1024!2i768!4f13.1!3m3!1m2!1s0x14cabb59826524f7%3A0x6ca280be549e9374!2serka%20otomatik%20kap%C4%B1%20sistemleri%20limited%20%C5%9Firketi.!5e0!3m2!1str!2str!4v1771914351829!5m2!1str!2str\" width=\"600\" height=\"750\" style=\"border:0;\" allowfullscreen=\"\" loading=\"lazy\" referrerpolicy=\"no-referrer-when-downgrade\"><\/iframe>\t\t\t\t<\/div>\n\t\t\t\t<\/div>\n\t\t\t\t\t<\/div>\n\t\t\t\t<\/div>\n\t\t\t\t<\/div>","protected":false},"excerpt":{"rendered":"<p>Merkez Ofis Terraki Caddesi Karacao\u011flan Sokak No:7\/1 Bak\u0131rk\u00f6y \/ \u0130stanbul E-Posta Adreslerimiz erka@erkadoors.com info@erkadoors.com Telefon ve Destek Hatt\u0131 Direk Sat\u0131\u015f: 0212 660 07 43 Cep Tel: 0533 477 37 52 Santral: 0212 660 40 74 Fax: 0212 542 07 36 Sat\u0131\u015f Destek: 02126604074 Sat\u0131\u015f Destek: 0533477 ERKA Bizimle \u0130leti\u015fime Ge\u00e7in Otomatik kap\u0131 ve ge\u00e7i\u015f kontrol [&hellip;]<\/p>\n","protected":false},"author":1,"featured_media":0,"parent":0,"menu_order":0,"comment_status":"closed","ping_status":"closed","template":"elementor_header_footer","meta":{"footnotes":""},"class_list":["post-602","page","type-page","status-publish","hentry"],"_links":{"self":[{"href":"https:\/\/erkadoors.com\/en\/wp-json\/wp\/v2\/pages\/602","targetHints":{"allow":["GET"]}}],"collection":[{"href":"https:\/\/erkadoors.com\/en\/wp-json\/wp\/v2\/pages"}],"about":[{"href":"https:\/\/erkadoors.com\/en\/wp-json\/wp\/v2\/types\/page"}],"author":[{"embeddable":true,"href":"https:\/\/erkadoors.com\/en\/wp-json\/wp\/v2\/users\/1"}],"replies":[{"embeddable":true,"href":"https:\/\/erkadoors.com\/en\/wp-json\/wp\/v2\/comments?post=602"}],"version-history":[{"count":51,"href":"https:\/\/erkadoors.com\/en\/wp-json\/wp\/v2\/pages\/602\/revisions"}],"predecessor-version":[{"id":3993,"href":"https:\/\/erkadoors.com\/en\/wp-json\/wp\/v2\/pages\/602\/revisions\/3993"}],"wp:attachment":[{"href":"https:\/\/erkadoors.com\/en\/wp-json\/wp\/v2\/media?parent=602"}],"curies":[{"name":"wp","href":"https:\/\/api.w.org\/{rel}","templated":true}]}}